{"id":80,"date":"2020-03-04T14:29:00","date_gmt":"2020-03-04T14:29:00","guid":{"rendered":"http:\/\/turunkuvataidekoulu.fi\/v5\/?page_id=80"},"modified":"2022-02-23T07:51:30","modified_gmt":"2022-02-23T07:51:30","slug":"ilmoittaumislomake","status":"publish","type":"page","link":"https:\/\/turunkuvataidekoulu.fi\/v5\/ilmoittaumislomake\/","title":{"rendered":"Ilmoittautumislomake"},"content":{"rendered":"<div class=\"wpforms-container wpforms-container-full wpforms-block\" id=\"wpforms-79\"><form id=\"wpforms-form-79\" class=\"wpforms-validate wpforms-form\" data-formid=\"79\" method=\"post\" enctype=\"multipart\/form-data\" action=\"\/v5\/wp-json\/wp\/v2\/pages\/80\" data-token=\"c368e886c6a8afc3d457790763f2eb40\" data-token-time=\"1776294982\"><noscript class=\"wpforms-error-noscript\">Please enable JavaScript in your browser to complete this form.<\/noscript><div class=\"wpforms-field-container\"><div id=\"wpforms-79-field_0-container\" class=\"wpforms-field wpforms-field-name\" data-field-id=\"0\"><label class=\"wpforms-field-label\">Nimi\/Name\/Namn <span class=\"wpforms-required-label\">*<\/span><\/label><div class=\"wpforms-field-row wpforms-field-medium\"><div class=\"wpforms-field-row-block wpforms-first wpforms-one-half\"><input type=\"text\" id=\"wpforms-79-field_0\" class=\"wpforms-field-name-first wpforms-field-required\" name=\"wpforms[fields][0][first]\" required><label for=\"wpforms-79-field_0\" class=\"wpforms-field-sublabel after\">First<\/label><\/div><div class=\"wpforms-field-row-block wpforms-one-half\"><input type=\"text\" id=\"wpforms-79-field_0-last\" class=\"wpforms-field-name-last wpforms-field-required\" name=\"wpforms[fields][0][last]\" required><label for=\"wpforms-79-field_0-last\" class=\"wpforms-field-sublabel after\">Last<\/label><\/div><\/div><\/div><div id=\"wpforms-79-field_9-container\" class=\"wpforms-field wpforms-field-text\" data-field-id=\"9\"><label class=\"wpforms-field-label\" for=\"wpforms-79-field_9\">Syntym\u00e4aika\/Date of birth\/F\u00f6delsedag <span class=\"wpforms-required-label\">*<\/span><\/label><input type=\"text\" id=\"wpforms-79-field_9\" class=\"wpforms-field-medium wpforms-field-required\" name=\"wpforms[fields][9]\" required><\/div><div id=\"wpforms-79-field_5-container\" class=\"wpforms-field wpforms-field-text\" data-field-id=\"5\"><label class=\"wpforms-field-label\" for=\"wpforms-79-field_5\">Katuosoite\/Address\/Adress <span class=\"wpforms-required-label\">*<\/span><\/label><input type=\"text\" id=\"wpforms-79-field_5\" class=\"wpforms-field-medium wpforms-field-required\" name=\"wpforms[fields][5]\" required><\/div><div id=\"wpforms-79-field_6-container\" class=\"wpforms-field wpforms-field-text\" data-field-id=\"6\"><label class=\"wpforms-field-label\" for=\"wpforms-79-field_6\">Postinumero ja -toimipaikka\/Postal code and city\/Postnummer och postort <span class=\"wpforms-required-label\">*<\/span><\/label><input type=\"text\" id=\"wpforms-79-field_6\" class=\"wpforms-field-medium wpforms-field-required\" name=\"wpforms[fields][6]\" required><\/div><div id=\"wpforms-79-field_8-container\" class=\"wpforms-field wpforms-field-number\" data-field-id=\"8\"><label class=\"wpforms-field-label\" for=\"wpforms-79-field_8\">Puhelinnumero\/Phone number\/Telefon <span class=\"wpforms-required-label\">*<\/span><\/label><input type=\"number\" id=\"wpforms-79-field_8\" class=\"wpforms-field-medium wpforms-field-required\" name=\"wpforms[fields][8]\" step=\"any\" required><\/div><div id=\"wpforms-79-field_7-container\" class=\"wpforms-field wpforms-field-text\" data-field-id=\"7\"><label class=\"wpforms-field-label\" for=\"wpforms-79-field_7\">Huoltajan nimi\/Guardian\/V\u00e5rdnadshavare<\/label><input type=\"text\" id=\"wpforms-79-field_7\" class=\"wpforms-field-medium\" name=\"wpforms[fields][7]\" ><\/div><div id=\"wpforms-79-field_1-container\" class=\"wpforms-field wpforms-field-email\" data-field-id=\"1\"><label class=\"wpforms-field-label\" for=\"wpforms-79-field_1\">S\u00e4hk\u00f6posti\/Email\/E-post <span class=\"wpforms-required-label\">*<\/span><\/label><input type=\"email\" id=\"wpforms-79-field_1\" class=\"wpforms-field-medium wpforms-field-required\" name=\"wpforms[fields][1]\" spellcheck=\"false\" required><\/div><div id=\"wpforms-79-field_10-container\" class=\"wpforms-field wpforms-field-checkbox\" data-field-id=\"10\"><label class=\"wpforms-field-label\">Opiskelutiedot<\/label><ul id=\"wpforms-79-field_10\"><li class=\"choice-1 depth-1\"><input type=\"checkbox\" id=\"wpforms-79-field_10_1\" name=\"wpforms[fields][10][]\" value=\"Olen uusi oppilas, en ole aikaisemmin opiskellut Kuvataidekoulussa\"  ><label class=\"wpforms-field-label-inline\" for=\"wpforms-79-field_10_1\">Olen uusi oppilas, en ole aikaisemmin opiskellut Kuvataidekoulussa<\/label><\/li><\/ul><\/div><div id=\"wpforms-79-field_2-container\" class=\"wpforms-field wpforms-field-textarea\" data-field-id=\"2\"><label class=\"wpforms-field-label\" for=\"wpforms-79-field_2\">Ryhm\u00e4toive tai kysymyksi\u00e4\/Questions\/Fr\u00e5gor eller \u00f6nskem\u00e5l om grupp<\/label><textarea id=\"wpforms-79-field_2\" class=\"wpforms-field-medium\" name=\"wpforms[fields][2]\" ><\/textarea><\/div><div id=\"wpforms-79-field_3-container\" class=\"wpforms-field wpforms-field-radio\" data-field-id=\"3\"><label class=\"wpforms-field-label\">Sukupuoli\/Gender\/K\u00f6n<\/label><ul id=\"wpforms-79-field_3\"><li class=\"choice-1 depth-1\"><input type=\"radio\" id=\"wpforms-79-field_3_1\" name=\"wpforms[fields][3]\" value=\"Tytt\u00f6\"  ><label class=\"wpforms-field-label-inline\" for=\"wpforms-79-field_3_1\">Tytt\u00f6<\/label><\/li><li class=\"choice-2 depth-1\"><input type=\"radio\" id=\"wpforms-79-field_3_2\" name=\"wpforms[fields][3]\" value=\"Poika\"  ><label class=\"wpforms-field-label-inline\" for=\"wpforms-79-field_3_2\">Poika<\/label><\/li><li class=\"choice-3 depth-1\"><input type=\"radio\" id=\"wpforms-79-field_3_3\" name=\"wpforms[fields][3]\" value=\"Muu\"  ><label class=\"wpforms-field-label-inline\" for=\"wpforms-79-field_3_3\">Muu<\/label><\/li><\/ul><\/div><div id=\"wpforms-79-field_4-container\" class=\"wpforms-field wpforms-field-checkbox\" data-field-id=\"4\"><label class=\"wpforms-field-label\">Nimen ja teosten julkaisulupa<\/label><ul id=\"wpforms-79-field_4\"><li class=\"choice-1 depth-1\"><input type=\"checkbox\" id=\"wpforms-79-field_4_1\" name=\"wpforms[fields][4][]\" value=\"Kuvia taideteoksistani \/ lapseni taideteoksista saa k\u00e4ytt\u00e4\u00e4 Turun Kuvataidekoulun nettisivustoilla\"  ><label class=\"wpforms-field-label-inline\" for=\"wpforms-79-field_4_1\">Kuvia taideteoksistani \/ lapseni taideteoksista saa k\u00e4ytt\u00e4\u00e4 Turun Kuvataidekoulun nettisivustoilla<\/label><\/li><li class=\"choice-2 depth-1\"><input type=\"checkbox\" id=\"wpforms-79-field_4_2\" name=\"wpforms[fields][4][]\" value=\"Kuvia minusta \/ lapsestani saa k\u00e4ytt\u00e4\u00e4 Turun Kuvataidekoulun nettisivustoilla\"  ><label class=\"wpforms-field-label-inline\" for=\"wpforms-79-field_4_2\">Kuvia minusta \/ lapsestani saa k\u00e4ytt\u00e4\u00e4 Turun Kuvataidekoulun nettisivustoilla<\/label><\/li><li class=\"choice-3 depth-1\"><input type=\"checkbox\" id=\"wpforms-79-field_4_3\" name=\"wpforms[fields][4][]\" value=\"Minun \/ lapseni nimi saa n\u00e4ky\u00e4 Turun Kuvataidekoulun nettisivustoilla\"  ><label class=\"wpforms-field-label-inline\" for=\"wpforms-79-field_4_3\">Minun \/ lapseni nimi saa n\u00e4ky\u00e4 Turun Kuvataidekoulun nettisivustoilla<\/label><\/li><li class=\"choice-4 depth-1\"><input type=\"checkbox\" id=\"wpforms-79-field_4_4\" name=\"wpforms[fields][4][]\" value=\" Minun \/ lapseni teoksista saa painattaa \/ teett\u00e4\u00e4 myyntituotteita (kuten joulukortteja) Turun Kuvataidekoulun toiminnan tukemiseksi\"  ><label class=\"wpforms-field-label-inline\" for=\"wpforms-79-field_4_4\">Minun \/ lapseni teoksista saa painattaa \/ teett\u00e4\u00e4 myyntituotteita (kuten joulukortteja) Turun Kuvataidekoulun toiminnan tukemiseksi<\/label><\/li><\/ul><div class=\"wpforms-field-description\">Yll\u00e4olevat valinnat oikeuttavat Turun Kuvataidekoulun k\u00e4ytt\u00e4m\u00e4\u00e4n opetuksesta sek\u00e4 oppilast\u00f6ist\u00e4 otettuja valokuvia koulun kotisivuilla, Facebook- ja Instagram-sivuilla sek\u00e4 mainoksissa.\n\nJulkaisemme oppilaiden nimi\u00e4 pelk\u00e4st\u00e4\u00e4n oppilast\u00f6ist\u00e4 otettujen kuvien yhteydess\u00e4. Kuvissa, joissa oppilasn\u00e4kyy itse, emme julkaise oppilaan nime\u00e4.<\/div><\/div><\/div><!-- .wpforms-field-container --><div class=\"wpforms-field wpforms-field-hp\"><label for=\"wpforms-79-field-hp\" class=\"wpforms-field-label\">Message<\/label><input type=\"text\" name=\"wpforms[hp]\" id=\"wpforms-79-field-hp\" class=\"wpforms-field-medium\"><\/div><div class=\"wpforms-submit-container\" ><input type=\"hidden\" name=\"wpforms[id]\" value=\"79\"><input type=\"hidden\" name=\"page_title\" value=\"\"><input type=\"hidden\" name=\"page_url\" value=\"https:\/\/turunkuvataidekoulu.fi\/v5\/wp-json\/wp\/v2\/pages\/80\"><input type=\"hidden\" name=\"url_referer\" value=\"\"><button type=\"submit\" name=\"wpforms[submit]\" id=\"wpforms-submit-79\" class=\"wpforms-submit\" data-alt-text=\"Sending...\" data-submit-text=\"L\u00e4het\u00e4\/Submit\" aria-live=\"assertive\" value=\"wpforms-submit\">L\u00e4het\u00e4\/Submit<\/button><\/div><\/form><\/div>  <!-- .wpforms-container -->\n\n\n<figure class=\"wp-block-image size-large is-resized\"><img loading=\"lazy\" decoding=\"async\" src=\"http:\/\/turunkuvataidekoulu.fi\/v5\/wp-content\/uploads\/2020\/04\/Leonora.-ke2e-926x1024.jpg\" alt=\"\" class=\"wp-image-214\" width=\"299\" height=\"331\" srcset=\"https:\/\/turunkuvataidekoulu.fi\/v5\/wp-content\/uploads\/2020\/04\/Leonora.-ke2e-926x1024.jpg 926w, https:\/\/turunkuvataidekoulu.fi\/v5\/wp-content\/uploads\/2020\/04\/Leonora.-ke2e-271x300.jpg 271w, https:\/\/turunkuvataidekoulu.fi\/v5\/wp-content\/uploads\/2020\/04\/Leonora.-ke2e-768x849.jpg 768w, https:\/\/turunkuvataidekoulu.fi\/v5\/wp-content\/uploads\/2020\/04\/Leonora.-ke2e-1024x1133.jpg 1024w, https:\/\/turunkuvataidekoulu.fi\/v5\/wp-content\/uploads\/2020\/04\/Leonora.-ke2e-976x1080.jpg 976w, https:\/\/turunkuvataidekoulu.fi\/v5\/wp-content\/uploads\/2020\/04\/Leonora.-ke2e.jpg 1226w\" sizes=\"auto, (max-width: 299px) 100vw, 299px\" \/><figcaption><em>Leonora, <\/em>13v.<\/figcaption><\/figure>\n\n\n\n<a link=\"\" href=\"http:\/\/turunkuvataidekoulu.fi\/v5\/rekisteri-ja-tietosuojaseloste\/\" target=\"blank\" rel=\"noopener noreferrer\">Rekisteri- ja tietosuojaseloste<\/a>\n\n\n\n<p><\/p>\n","protected":false},"excerpt":{"rendered":"<p>Rekisteri- ja tietosuojaseloste<\/p>\n","protected":false},"author":1,"featured_media":606,"parent":0,"menu_order":0,"comment_status":"closed","ping_status":"closed","template":"","meta":{"_monsterinsights_skip_tracking":false,"_monsterinsights_sitenote_active":false,"_monsterinsights_sitenote_note":"","_monsterinsights_sitenote_category":0,"footnotes":""},"class_list":["post-80","page","type-page","status-publish","has-post-thumbnail","hentry"],"_links":{"self":[{"href":"https:\/\/turunkuvataidekoulu.fi\/v5\/wp-json\/wp\/v2\/pages\/80","targetHints":{"allow":["GET"]}}],"collection":[{"href":"https:\/\/turunkuvataidekoulu.fi\/v5\/wp-json\/wp\/v2\/pages"}],"about":[{"href":"https:\/\/turunkuvataidekoulu.fi\/v5\/wp-json\/wp\/v2\/types\/page"}],"author":[{"embeddable":true,"href":"https:\/\/turunkuvataidekoulu.fi\/v5\/wp-json\/wp\/v2\/users\/1"}],"replies":[{"embeddable":true,"href":"https:\/\/turunkuvataidekoulu.fi\/v5\/wp-json\/wp\/v2\/comments?post=80"}],"version-history":[{"count":15,"href":"https:\/\/turunkuvataidekoulu.fi\/v5\/wp-json\/wp\/v2\/pages\/80\/revisions"}],"predecessor-version":[{"id":607,"href":"https:\/\/turunkuvataidekoulu.fi\/v5\/wp-json\/wp\/v2\/pages\/80\/revisions\/607"}],"wp:featuredmedia":[{"embeddable":true,"href":"https:\/\/turunkuvataidekoulu.fi\/v5\/wp-json\/wp\/v2\/media\/606"}],"wp:attachment":[{"href":"https:\/\/turunkuvataidekoulu.fi\/v5\/wp-json\/wp\/v2\/media?parent=80"}],"curies":[{"name":"wp","href":"https:\/\/api.w.org\/{rel}","templated":true}]}}