{"id":65,"date":"2020-01-28T18:16:12","date_gmt":"2020-01-28T18:16:12","guid":{"rendered":"http:\/\/turunkuvataidekoulu.fi\/v5\/?page_id=65"},"modified":"2026-02-03T14:24:52","modified_gmt":"2026-02-03T14:24:52","slug":"opetus","status":"publish","type":"page","link":"https:\/\/turunkuvataidekoulu.fi\/v5\/miksi-meidan-kuvataidekoulu\/opetus\/","title":{"rendered":"Opetusryhm\u00e4t"},"content":{"rendered":"\n<p class=\"has-black-color has-text-color\">Miksi kuvataide? <\/p>\n\n\n\n<p class=\"has-black-color has-text-color\">Kuvataide on erinomainen harrastus ja se tarjoaa rauhallisen, merkityksellisen vastapainon kiireiselle arjelle ja digitaaliselle maailmalle. Kuvataide antaa tilaa omalle ajattelulle, tunteille ja oivalluksille sek\u00e4 tarjoaa onnistumisen kokemuksia ja iloa yhdess\u00e4 tekemisest\u00e4. Tutkimusten mukaan kuvataideharrastus tukee lasten ja nuorten kokonaisvaltaista hyvinvointia. Taiteen tekeminen edist\u00e4\u00e4 aivojen kehityst\u00e4 ja tukee erityisesti luovaa ajattelua, ongelmanratkaisutaitoja ja keskittymiskyky\u00e4. Taidekasvatus vahvistaa empatiakyky\u00e4 ja sosiaalista ymm\u00e4rryst\u00e4, sill\u00e4 se auttaa hahmottamaan maailmaa monista n\u00e4k\u00f6kulmista. Kuvataiteen harjoittaminen on yhteydess\u00e4 parempaan koulumenestykseen, sill\u00e4 se kehitt\u00e4\u00e4 abstraktia ja visuaalista ajattelua. Lis\u00e4ksi tutkimuksissa on havaittu, ett\u00e4 taideharrastukset lis\u00e4\u00e4v\u00e4t motivaatiota, sitoutumista ja osallisuuden kokemusta, mik\u00e4 tukee lasten ja nuorten my\u00f6nteist\u00e4 min\u00e4kuvaa ja henkist\u00e4 hyvinvointia. <\/p>\n\n\n\n<p><\/p>\n\n\n\n<p class=\"has-black-color has-text-color\" id=\"taiteen-perusopetus\"><strong>Taiteen perusopetus<\/strong><\/p>\n\n\n\n<p class=\"has-black-color has-text-color\">Turun Kuvataidekoulussa annetaan taiteen perusopetuksen yleisen oppim\u00e4\u00e4r\u00e4n opetusta viikoittain kokoontuvissa ryhmiss\u00e4 sek\u00e4 erillisten projektien ja kurssien aikana. Kuvataiteen yleisen oppim\u00e4\u00e4r\u00e4n laskennallinen laajuus on 500 tuntia, joista yhteisten opintojen laajuus on 300 tuntia ja teemaopintojen 200 tuntia. Laskennallisen laajuuden tunti on 45 minuuttia. Opetusta j\u00e4rjest\u00e4ess\u00e4 otetaan joustavasti huomioon taiteenala, oppilaan ik\u00e4, aiemmin hankitut taidot ja tiedot sek\u00e4 k\u00e4ytett\u00e4v\u00e4t opetusmenetelm\u00e4t. <\/p>\n\n\n\n<p class=\"has-black-color has-text-color\">Opetusryhm\u00e4t ovat jaettu ik\u00e4ryhmitt\u00e4in. Tuntisuunnitelma etenee tasolta toiselle ja ne suunnitellaan lukuvuosittain vaihtuvien aiheiden ja teemojen mukaan. <\/p>\n\n\n\n<p class=\"has-black-color has-text-color\">________________________________________________________________________<\/p>\n\n\n\n<p class=\"has-black-color has-text-color\" id=\"taaperoiden-taidehetki-n-15-3--vuotiaille\"><strong>Taaperoiden taidehetki, n. 1,5-3 -vuotiaille<\/strong><\/p>\n\n\n\n<p class=\"has-black-color has-text-color\">Taaperoiden kuvataidetunneilla tutustutaan kuvataiteen maailmaan leikkien, tutkien ja kokeillen oman aikuisen seurassa. Ihmetell\u00e4\u00e4n v\u00e4rej\u00e4, sotketaan sormia, kokeillaan materiaaleja ja nautitaan luovasta hetkest\u00e4 oman aikuisen kanssa.<\/p>\n\n\n\n<p class=\"has-black-color has-text-color\">________________________________________________________________________<\/p>\n\n\n\n<p class=\"has-black-color has-text-color\" id=\"picassot-varhaisian-kuvataide-4-6--vuotiaille\"><strong>Picassot<\/strong>, <strong>varhaisi\u00e4n kuvataide, 4-6 -vuotiaille<\/strong> <\/p>\n\n\n\n<p class=\"has-black-color has-text-color\">Varhaisi\u00e4n taidekasvatuksessa tavoitteena on tukea lapsen mielikuvitusta ja luovuutta leikinomaisilla ja ik\u00e4\u00e4n sopivilla teht\u00e4vill\u00e4. Opetuksen tavoitteena on rohkaista ilmaisemaan tunteitaan ja havaintojaan taiteen keinoin, kannustaa k\u00e4ytt\u00e4m\u00e4\u00e4n mielikuvitustaan ja tukea oppilaan ideointitaitoja. Opinnoissa opetellaan keskittymistaitoja ja ryhm\u00e4ty\u00f6taitoja, sek\u00e4 oma-aloitteisuutta. Oppilaita kannustetaan arvostamaan muiden t\u00f6it\u00e4 ja inspiroitumaan toisistaan. Tunneilla opetellaan v\u00e4linehuollon perusteita ja materiaalien oikeaoppista k\u00e4ytt\u00f6\u00e4. Taiteeseen tutustutaan leikinomaisesti ja lapsia kuunnellen. Varhaisi\u00e4n opinnot eiv\u00e4t kuulu taiteen perusopetuksen oppim\u00e4\u00e4r\u00e4\u00e4n.<\/p>\n\n\n\n<p class=\"has-black-color has-text-color\">_________________________________________________________________________<\/p>\n\n\n\n<p class=\"has-black-color has-text-color has-link-color wp-elements-67402b8ced310bdeba50c0c94d8b70f8\" id=\"musiikkitaide-maalausta-ja-musiikkia-(-22-23)\"><strong>Musiikkitaide, maalausta ja musiikkia<\/strong> (-22\/-23)<\/p>\n\n\n\n<p class=\"has-black-color has-text-color has-link-color wp-elements-821b5138eecc2fa83c5311d7835c3bfa\">T\u00e4ss\u00e4 ryhm\u00e4ss\u00e4 v\u00e4rit saavat liikkua ja musiikki n\u00e4ky\u00e4! Musiikin ja maalaamisen tunnilla pienet taiteilijat saavat tutkia \u00e4\u00e4ni\u00e4, rytmej\u00e4 ja v\u00e4rej\u00e4 leikinomaisesti. Tunneilla maalataan musiikin soidessa, kuunnellaan erilaisia \u00e4\u00e4ni\u00e4, liikutaan, ihmetell\u00e4\u00e4n ja kokeillaan. Tunti mahdollistaa yhteisen, kiireett\u00f6m\u00e4n hetken taiteen \u00e4\u00e4rell\u00e4 oman aikuisen kanssa. Ryhm\u00e4 tukee lapsen aistihavaintoja, luovuutta ja iloa tekemisest\u00e4.<\/p>\n\n\n\n<p class=\"has-black-color has-text-color\" id=\"lapsi-ja-aikuinen--kuvataideryhma-3--vuotiaasta-ylospain\"><strong>Lapsi ja aikuinen<\/strong> &#8211;<strong>kuvataideryhm\u00e4, 3 -vuotiaasta yl\u00f6sp\u00e4in<\/strong><\/p>\n\n\n\n<p class=\"has-black-color has-text-color\">Tunneilla on lapsi ja aikuinen p\u00e4\u00e4see viett\u00e4m\u00e4\u00e4n yhteist\u00e4 aikaa taiteen parissa. Teht\u00e4vien ja kokeilujen kautta tutustutaan monipuolisesti kuvataiteen eri tekniikoihin ja materiaaleihin. Kurssi pit\u00e4\u00e4 sis\u00e4ll\u00e4\u00e4n piirustuksen, maalauksen, keramiikan, taidegrafiikan sek\u00e4 taidehistorian sis\u00e4lt\u00f6j\u00e4. Aikuinen voi olla esimerkiksi huoltaja, isovanhempi tai kummi. Tervetuloa vaikka koko perheen voimin!<\/p>\n\n\n\n<p class=\"has-black-color has-text-color\">________________________________________________________________________<\/p>\n\n\n\n<p class=\"has-black-color has-text-color\" id=\"scherfbeckit-kuvataiteen-perusteet-1-2-6-8--vuotiaille\"><strong>Scherfbeckit, kuvataiteen perusteet 1-2, <\/strong><br><strong>6-8 -vuotiaille<\/strong><\/p>\n\n\n\n<p class=\"has-black-color has-text-color\">Opinnoissa tutustutaan leikinomaisesti kuvien tekemiseen eri materiaaleilla, sek\u00e4 tutustutaan taidehistorian ajanjakson alkup\u00e4\u00e4h\u00e4n. Haluamme her\u00e4tell\u00e4 oppilaiden uteliaisuutta taiteeseen ja k\u00e4ytt\u00e4m\u00e4\u00e4n omaa mielikuvitusta. Opetamme kuvan rakentamisen perusteet, perusmuodot sek\u00e4 v\u00e4riopin ja sommittelun perusteet. Tuemme oppilaan uteliaisuutta kokeilla ja oivaltaa tapoja, joilla luoda taidetta. Harjoitellaan v\u00e4linehuoltoa ja toisten huomioonottamista. Opinnoissa harjoitellaan tutkimaan visuaalista ymp\u00e4rist\u00f6\u00e4mme, kuten arkkitehtuuria, luontoa ja oppilaan omia t\u00e4rkeit\u00e4 tiloja. Erilaisiin paikkoihin ja tiloihin tutustutaan n\u00e4yttelyiss\u00e4 ja muilla retkill\u00e4, jotka innoittavat omaa tekemist\u00e4. Lukuvuoden aikana oppilaiden teoksia on esill\u00e4 eri taiden\u00e4yttelyiss\u00e4. <\/p>\n\n\n\n<p class=\"has-black-color has-text-color\">________________________________________________________________________<\/p>\n\n\n\n<p class=\"has-black-color has-text-color\" id=\"simbergit-kuvataiteen-perusteet-3-4--9-11--vuotiaille\"><strong>Simbergit, kuvataiteen perusteet 3-4, <\/strong><br><strong>9-11 -vuotiaille<\/strong><\/p>\n\n\n\n<p class=\"has-black-color has-text-color\">Opinnoissa tutustutaan erilaisiin tapoihin tehd\u00e4 kuvia erilaisten ilmaisukeinojen ja tekniikoiden avulla. Opinnot etenev\u00e4t kaikilla osa-alueilla laajempiin kokonaisuuksiin ja perehdyt\u00e4\u00e4n v\u00e4rioppiin, materiaalituntemukseen, v\u00e4linehuoltoon ja kolmiulotteisen ilmaisun harjoitteluun. Opetuksessa tarjotaan erilaisia ymp\u00e4rist\u00f6j\u00e4 tehd\u00e4 havaintoja, joiden kautta tuetaan oppilaan mielikuvituksen k\u00e4ytt\u00f6\u00e4. Tuemme oppilasta oivaltamaan mill\u00e4 keinoin h\u00e4n saa ilmaistua itse\u00e4\u00e4n ja toteutettua ajattelemansa. Opinnoissa harjoitellaan keskustelutaitoja, kunnioittamaan toisen ty\u00f6skentelyrauhaa ja toisten tekemi\u00e4 teoksia. Itsen\u00e4isill\u00e4 teht\u00e4vill\u00e4 tuetaan oppilaan itsetuntemuksen kehittymist\u00e4, p\u00e4\u00e4t\u00f6ksen tekoa ja oman taiteellisen prosessin rakentumista. Lukuvuoden aikana oppilaiden teoksia on esill\u00e4 eri taiden\u00e4yttelyiss\u00e4. <\/p>\n\n\n\n<p class=\"has-black-color has-text-color\">________________________________________________________________________<\/p>\n\n\n\n<p class=\"has-black-color has-text-color\" id=\"janssonit-kuvataiteen-perusteet-5-6-11-12--vuotiaille\"><strong>Janssonit, kuvataiteen perusteet 5-6,<\/strong><br><strong>11-12 -vuotiaille<\/strong><\/p>\n\n\n\n<p class=\"has-black-color has-text-color\">Opetuksessa kerrataan ja syvennet\u00e4\u00e4n perusk\u00e4sitteiden, materiaalien ja tekniikoiden hallintaa. Opetetaan kolmiulotteisen ty\u00f6skentelyn perusk\u00e4sitteit\u00e4 ja tekniikoita. Rohkaistaan oppilasta kokeilemaan erilaisia tapoja tehd\u00e4 ja luoda omien ideoiden pohjalta. Opetus rakentuu eri kulttuurien ja aikakausien taiteen ymp\u00e4rille. Nykytaiteen vaikuttamisen keinoja tutkitaan ja kokeillaan omassa ty\u00f6skentelyss\u00e4. Oppilasta ohjeistetaan asettamaan tavoitteita, ideoimaan, ty\u00f6skentelem\u00e4\u00e4n itsen\u00e4isesti ja arvioimaan ty\u00f6skentelytapoja ja ty\u00f6n saavutusta. Henkil\u00f6kohtaisen innostuksen ja kiinnostusten kartoittaminen on t\u00e4rke\u00e4\u00e4 ja opetuksessa rohkaistaan oppilasta ottamaan vaikutteita erilaisista l\u00e4hteist\u00e4.<strong> <\/strong> Lukuvuoden aikana oppilaiden teoksia on esill\u00e4 eri taiden\u00e4yttelyiss\u00e4. <\/p>\n\n\n\n<p class=\"has-black-color has-text-color\">________________________________________________________________________<\/p>\n\n\n\n<p class=\"has-black-color has-text-color\" id=\"teemaopinnot-12-18--vuotiaille\"><strong>Teemaopinnot, 12-18 -vuotiaille<\/strong><\/p>\n\n\n\n<p class=\"has-black-color has-text-color\">Teemaopintojen laskennallinen laajuus on yhteens\u00e4 200 oppituntia. Opintoihin sis\u00e4ltyy vapaaehtoinen lopputy\u00f6, jota voi tehd\u00e4 teemaopintojen loppuvaiheessa mill\u00e4 tahansa kurssilla. Teemaopintojen suoritukseen lasketaan my\u00f6s koulun lyhyet kurssit kuten joulu- ja kes\u00e4kurssit. Teemaopintojen opintokokonaisuudet jakautuvat aihealueen mukaan ja ovat tarkoitettu 12\u201317-vuotiaille oppilaille.  Lukuvuoden aikana oppilaiden teoksia on esill\u00e4 eri taiden\u00e4yttelyiss\u00e4. <\/p>\n\n\n\n<p class=\"has-black-color has-text-color\">Opinnoista koostetaan itselleen mielek\u00e4s kokonaisuus, siten ett\u00e4 tunteja tulee v\u00e4hint\u00e4\u00e4n 200 opetustuntia, jos tavoitteena on suorittaa taiteen perusopetuksen opinnot.<\/p>\n\n\n\n<p>________________________________________________________________________<\/p>\n\n\n\n<p class=\"has-black-color has-text-color\" id=\"nuoret-aikuiset-ja-seniorit\"><strong>Nuoret, aikuiset ja seniorit<\/strong><\/p>\n\n\n\n<p class=\"has-black-color has-text-color\">Turun Kuvataidekoulussa j\u00e4rjestet\u00e4\u00e4n harrastustoimintaa my\u00f6s yli 18-vuotiaille sek\u00e4 aikuisille. Ryhmiss\u00e4 oppilas voi p\u00e4\u00e4tt\u00e4\u00e4 itse, mihin tekniikkaan tai taidehistorian osa-alueeseen h\u00e4n keskittyy. Ryhmiss\u00e4 p\u00e4\u00e4paino on oman luovuuden ja taiteellisen ty\u00f6skentelyn kehitt\u00e4minen kuvataiteen ammattilaisen opastuksessa. Tunneilla voi maalata akryyliv\u00e4reill\u00e4, \u00f6ljyv\u00e4reill\u00e4 tai akvarelliv\u00e4reill\u00e4, tehd\u00e4 omia maalauspohjia, tehd\u00e4 savit\u00f6it\u00e4 (mahdollisuus dreijata ja lasittaa) tai grafiikkaa. L\u00f6ytyy my\u00f6s ryhmi\u00e4 joissa syvennyt\u00e4\u00e4n vain tiettyyn tekniikkaan\/materiaaliin, kuten savit\u00f6ihin tai maalaukseen. Aikaisempaa kokemusta ei tarvitse olla!  Lukuvuoden aikana teoksia on esill\u00e4 eri taiden\u00e4yttelyiss\u00e4. <\/p>\n\n\n\n<p class=\"has-black-color has-text-color\">________________________________________________________________________<\/p>\n\n\n\n<p class=\"has-black-color has-text-color\" id=\"sarjakuvakurssi-10-13--vuotiaille\"><strong>Sarjakuvakurssi<\/strong>, <strong>10-13 -vuotiaille<\/strong><\/p>\n\n\n\n<p class=\"has-black-color has-text-color\">Sarjakuvakurssi soveltuu niin aloittelevalle kuin kokeneemmallekin sarjakuvapiirt\u00e4j\u00e4lle. Kurssilla tutustutaan sarjakuvan historiaan ja sen erilaisiin tyyleihin. Kurssilla harjoitellaan hahmosuunnittelua, maailman rakentamista, kuvak\u00e4sikirjoitusta, kuvakerrontaa ja semiotiikkaa sek\u00e4 digitaalista kuvanmuokkausta. Kurssilla p\u00e4\u00e4see tutustumaan eri sarjakuvatyyleihin, mutta keskityt\u00e4\u00e4n oppilaan oman tyylin l\u00f6yt\u00e4miseen ja kehitt\u00e4miseen, esimerkiksi Manga-tyyliin. Kurssia pit\u00e4\u00e4 sarjakuvapiirt\u00e4j\u00e4 kolminkertainen Finlandia-palkinnon ehdokas Tiia Salmelin. H\u00e4n julkaisee aktiivisesti sarjakuvaa sek\u00e4 netiss\u00e4 ett\u00e4 painettuna.  Lukuvuoden aikana oppilaiden teoksia on esill\u00e4 eri taiden\u00e4yttelyiss\u00e4. <\/p>\n\n\n\n<p class=\"has-black-color has-text-color\"> __________________________________________________________________________<\/p>\n\n\n\n<font color=\"#00000\"><p><strong>HARRASTUKSEN RAKENNE:<\/strong><\/p><\/font>\n\n\n\n<p class=\"has-black-color has-text-color\">Kuvataidekoulun tarjoaman opetuksen kokonaisuudet etenev\u00e4t seuraavasti: <\/p>\n\n\n\n<p class=\"has-black-color has-text-color\">Oppitunti: 45 min <\/p>\n\n\n\n<figure class=\"wp-block-table\"><table class=\"has-black-color has-text-color\"><tbody><tr><td>  Kokonaisuus   <\/td><td>\n  Ik\u00e4\n  <\/td><td>\n  Kesto\n  <\/td><td>   Laajuus<\/td><\/tr><tr><td>   Picassot, <br>   varhaisi\u00e4n kuvataide   <\/td><td>\n  4-6\n  -vuotiaat\n  <\/td><td>\n  2\n  -lukuvuotta\n  <\/td><td>   60   oppituntia   <\/td><\/tr><tr><td>  Scherfbeckit, Simbergit ja Janssonit,      kuvataiteen perusteet<\/td><td>   6-12   -vuotiaat   <\/td><td>\n  6\n  -lukuvuotta\n  <\/td><td>   300  oppituntia   <\/td><\/tr><tr><td>  Teemaopinnot<\/td><td>   12-18   -vuotiaat   <\/td><td>\n  4\n  -lukuvuotta\n  <\/td><td>   200 oppituntia   <\/td><\/tr><tr><td>   Aikuisryhm\u00e4t\/senioriryhm\u00e4t   <\/td><td>   16   -vuotiaat ja siit\u00e4 yl\u00f6sp\u00e4in   <\/td><td>   Ei   m\u00e4\u00e4ritelty\u00e4 kestoa   <\/td><td>   Ei   m\u00e4\u00e4ritelty\u00e4 laajuutta   <\/td><\/tr><\/tbody><\/table><\/figure>\n\n\n\n<figure class=\"wp-block-image size-large\"><img loading=\"lazy\" decoding=\"async\" width=\"960\" height=\"679\" src=\"http:\/\/turunkuvataidekoulu.fi\/v5\/wp-content\/uploads\/2020\/04\/ainok.5v..jpg\" alt=\"\" class=\"wp-image-202\" srcset=\"https:\/\/turunkuvataidekoulu.fi\/v5\/wp-content\/uploads\/2020\/04\/ainok.5v..jpg 960w, https:\/\/turunkuvataidekoulu.fi\/v5\/wp-content\/uploads\/2020\/04\/ainok.5v.-300x212.jpg 300w, https:\/\/turunkuvataidekoulu.fi\/v5\/wp-content\/uploads\/2020\/04\/ainok.5v.-768x543.jpg 768w\" sizes=\"auto, (max-width: 960px) 100vw, 960px\" \/><figcaption class=\"wp-element-caption\"><em>Aino K. 5v.<\/em><\/figcaption><\/figure>\n\n\n\n<p>_<\/p>\n\n\n\n<figure class=\"wp-block-image size-large\"><img loading=\"lazy\" decoding=\"async\" width=\"654\" height=\"960\" src=\"http:\/\/turunkuvataidekoulu.fi\/v5\/wp-content\/uploads\/2020\/04\/maria16v..jpg\" alt=\"\" class=\"wp-image-203\" srcset=\"https:\/\/turunkuvataidekoulu.fi\/v5\/wp-content\/uploads\/2020\/04\/maria16v..jpg 654w, https:\/\/turunkuvataidekoulu.fi\/v5\/wp-content\/uploads\/2020\/04\/maria16v.-204x300.jpg 204w\" sizes=\"auto, (max-width: 654px) 100vw, 654px\" \/><figcaption class=\"wp-element-caption\"><em>Maria, 14v.<\/em><\/figcaption><\/figure>\n","protected":false},"excerpt":{"rendered":"<p>Miksi kuvataide? Kuvataide on erinomainen harrastus ja se tarjoaa rauhallisen, merkityksellisen vastapainon kiireiselle arjelle ja digitaaliselle maailmalle. Kuvataide antaa tilaa omalle ajattelulle, tunteille ja oivalluksille sek\u00e4 tarjoaa onnistumisen kokemuksia ja iloa yhdess\u00e4 tekemisest\u00e4. Tutkimusten mukaan kuvataideharrastus tukee lasten ja nuorten kokonaisvaltaista hyvinvointia. Taiteen tekeminen edist\u00e4\u00e4 aivojen kehityst\u00e4 ja tukee erityisesti luovaa ajattelua, ongelmanratkaisutaitoja ja keskittymiskyky\u00e4.&hellip; <br \/> <a class=\"read-more\" href=\"https:\/\/turunkuvataidekoulu.fi\/v5\/miksi-meidan-kuvataidekoulu\/opetus\/\">Read more<\/a><\/p>\n","protected":false},"author":1,"featured_media":0,"parent":1478,"menu_order":0,"comment_status":"closed","ping_status":"closed","template":"","meta":{"_monsterinsights_skip_tracking":false,"_monsterinsights_sitenote_active":false,"_monsterinsights_sitenote_note":"","_monsterinsights_sitenote_category":0,"footnotes":""},"class_list":["post-65","page","type-page","status-publish","hentry"],"_links":{"self":[{"href":"https:\/\/turunkuvataidekoulu.fi\/v5\/wp-json\/wp\/v2\/pages\/65","targetHints":{"allow":["GET"]}}],"collection":[{"href":"https:\/\/turunkuvataidekoulu.fi\/v5\/wp-json\/wp\/v2\/pages"}],"about":[{"href":"https:\/\/turunkuvataidekoulu.fi\/v5\/wp-json\/wp\/v2\/types\/page"}],"author":[{"embeddable":true,"href":"https:\/\/turunkuvataidekoulu.fi\/v5\/wp-json\/wp\/v2\/users\/1"}],"replies":[{"embeddable":true,"href":"https:\/\/turunkuvataidekoulu.fi\/v5\/wp-json\/wp\/v2\/comments?post=65"}],"version-history":[{"count":42,"href":"https:\/\/turunkuvataidekoulu.fi\/v5\/wp-json\/wp\/v2\/pages\/65\/revisions"}],"predecessor-version":[{"id":2194,"href":"https:\/\/turunkuvataidekoulu.fi\/v5\/wp-json\/wp\/v2\/pages\/65\/revisions\/2194"}],"up":[{"embeddable":true,"href":"https:\/\/turunkuvataidekoulu.fi\/v5\/wp-json\/wp\/v2\/pages\/1478"}],"wp:attachment":[{"href":"https:\/\/turunkuvataidekoulu.fi\/v5\/wp-json\/wp\/v2\/media?parent=65"}],"curies":[{"name":"wp","href":"https:\/\/api.w.org\/{rel}","templated":true}]}}