{"id":62,"date":"2020-01-28T18:13:38","date_gmt":"2020-01-28T18:13:38","guid":{"rendered":"http:\/\/turunkuvataidekoulu.fi\/v5\/?page_id=62"},"modified":"2025-08-18T09:38:38","modified_gmt":"2025-08-18T09:38:38","slug":"yleista-koulusta","status":"publish","type":"page","link":"https:\/\/turunkuvataidekoulu.fi\/v5\/miksi-meidan-kuvataidekoulu\/yleista-koulusta\/","title":{"rendered":"Yleist\u00e4 koulusta"},"content":{"rendered":"\n<font color =\"#00000\"><p><strong>Yleist\u00e4 koulusta<\/strong><\/p>\n\n\n\n<p class=\"has-text-align-left\">Turun Kuvataidekoulu on 1979 perustettu kuvataidekasvatusta ja -harrastusta tarjoava voittoa tavoittelematon koulu, joka j\u00e4rjest\u00e4\u00e4 tavoitteellisesti etenev\u00e4\u00e4 taiteen perusopetusta lapsille, nuorille ja aikuisille. Kuvataidekasvatuksemme keskittyy taidon, tekniikan ja luovan ilmaisun pitk\u00e4j\u00e4nteiseen harjoitteluun piirustuksen, maalauksen, keramiikan, kuvanveiston, sek\u00e4 taidegrafiikan osa-alueilla. Lis\u00e4ksi opetus tutustuttaa oppilaat taidehistorian eri aikakausiin ja kuvallisen ilmaisun keinoihin.<\/p>\n\n\n\n<p>Opetuksen sis\u00e4ll\u00f6t etenev\u00e4t vuosittain uusien tekniikoiden ja taidehistorian aikakausien alueille. Tavoitteena on tarjota pitk\u00e4aikainen harrastusmahdollisuus, joka sis\u00e4lt\u00e4\u00e4 jatkuvasti uusia haasteita ja onnistumisen kokemuksia. Turun Kuvataidekoulun tarjoama opetus antaa my\u00f6s erinomaiset l\u00e4ht\u00f6kohdat kulttuurialan ammattilaiseksi pyrkiv\u00e4lle.<\/p>\n\n\n\n<p>Kuvataidekoulun opettajina toimivat ammattitaitoiset kuvataideopettajat, taidekasvattajat, ammattitaiteilijat ja kuvataideopiskelijat.<\/p>\n\n\n\n<p><\/p>\n\n\n\n<p>TERVETULOA HARRASTAMAAN KUVATAIDETTA! <\/p>\n\n\n\n<p>________________________________________________________________________<\/p>\n\n\n\n<p><strong>Koulun arvot<\/strong><\/p>\n\n\n\n<p><\/p>\n\n\n\n<p>Kuvataidekoulun ajatuksena on,\nett\u00e4 taidekasvatuksella on suuri merkitys oppilaan kasvulle ja kehitykselle.\nTaiteen tekemisell\u00e4 lapsi ja nuori saa mahdollisuuden henkil\u00f6kohtaisen\nmaailmasuhteen rakentamiseen ja ilment\u00e4miseen visuaalisen taiteen keinoin. Harrastus\non my\u00f6s mahdollisuus k\u00e4ytt\u00e4\u00e4 vapaa-aikansa mielekk\u00e4\u00e4sti kehitt\u00e4m\u00e4ll\u00e4 itse\u00e4\u00e4n ja\nl\u00f6yt\u00e4m\u00e4ll\u00e4 omat vahvuudet.<\/p>\n\n\n\n<p>Perinteisten tekniikoiden\nharjoittelu mahdollistaa luovuuden kehittymisen k\u00e4si k\u00e4dess\u00e4 taidon\nkehittymisen kanssa. Koemme, ett\u00e4 k\u00e4rsiv\u00e4llinen kuvataiteen harrastaminen\nopettaa ty\u00f6skentelem\u00e4\u00e4n tavoitteellisesti sek\u00e4 pitk\u00e4j\u00e4nteisesti luovuutta\nhy\u00f6dynt\u00e4en. Piirustus, maalaus, keramiikka, kuvanveisto ja taidegrafiikka antavat\nmonipuolisen osaamisen taiteelliseen ilmaisuun. Taidehistorian sis\u00e4ll\u00f6t\nt\u00e4ydent\u00e4v\u00e4t oppilaiden yleissivistyst\u00e4 ja auttavat heit\u00e4 ymm\u00e4rt\u00e4m\u00e4\u00e4n\ntaidehistoriallisia viittauksia my\u00f6s nykykuvissa. Kuvataiteen harrastuksesta\nvoi olla hy\u00f6ty\u00e4 useissa ammateissa, vaikka ei suoranaisesti hakisikaan\ntaidealalle.<\/p>\n\n\n\n<p>Koulun opettajat tarjoavat tekniikoiden ja materiaalien avulla oppilaille keinoja ilmaista itse\u00e4\u00e4n. Opettajat ymm\u00e4rt\u00e4v\u00e4t lasten ja nuorten kehityksen ja ottavat sen huomioon tuntien suunnittelussa. Tavoitteena on tuoda ymm\u00e4rryst\u00e4 taidehistorian merkitysest\u00e4 ja rohkaista kehitt\u00e4m\u00e4\u00e4n omia ideoita sen pohjalta. Pid\u00e4mme t\u00e4rke\u00e4n\u00e4 lasten ja nuorten saada luoda vankka osaamispohja niin tekniikan kuin taidehistorian suhteen. T\u00e4m\u00e4 antaa ymm\u00e4rryst\u00e4 ja sis\u00e4lt\u00f6\u00e4 omaan taiteelliseen ty\u00f6skentelyyn. Pyrimme ottamaan huomioon ymp\u00e4rist\u00f6n ja k\u00e4yt\u00e4mmekin paljon kierr\u00e4tysmateriaaleja. <\/p>\n\n\n\n<p><\/p>\n\n\n\n<figure class=\"wp-block-image size-large\"><img loading=\"lazy\" decoding=\"async\" width=\"683\" height=\"1024\" src=\"http:\/\/turunkuvataidekoulu.fi\/v5\/wp-content\/uploads\/2020\/04\/ainok.-6v.-683x1024.jpg\" alt=\"\" class=\"wp-image-200\" srcset=\"https:\/\/turunkuvataidekoulu.fi\/v5\/wp-content\/uploads\/2020\/04\/ainok.-6v.-683x1024.jpg 683w, https:\/\/turunkuvataidekoulu.fi\/v5\/wp-content\/uploads\/2020\/04\/ainok.-6v.-200x300.jpg 200w, https:\/\/turunkuvataidekoulu.fi\/v5\/wp-content\/uploads\/2020\/04\/ainok.-6v.-768x1152.jpg 768w, https:\/\/turunkuvataidekoulu.fi\/v5\/wp-content\/uploads\/2020\/04\/ainok.-6v.-1024x1536.jpg 1024w, https:\/\/turunkuvataidekoulu.fi\/v5\/wp-content\/uploads\/2020\/04\/ainok.-6v.-720x1080.jpg 720w, https:\/\/turunkuvataidekoulu.fi\/v5\/wp-content\/uploads\/2020\/04\/ainok.-6v..jpg 1184w\" sizes=\"auto, (max-width: 683px) 100vw, 683px\" \/><figcaption><em>Aino K. 6v.<\/em><\/figcaption><\/figure>\n\n\n\n<p><\/p>\n\n\n\n<p><\/p>\n","protected":false},"excerpt":{"rendered":"<p>Yleist\u00e4 koulusta Turun Kuvataidekoulu on 1979 perustettu kuvataidekasvatusta ja -harrastusta tarjoava voittoa tavoittelematon koulu, joka j\u00e4rjest\u00e4\u00e4 tavoitteellisesti etenev\u00e4\u00e4 taiteen perusopetusta lapsille, nuorille ja aikuisille. Kuvataidekasvatuksemme keskittyy taidon, tekniikan ja luovan ilmaisun pitk\u00e4j\u00e4nteiseen harjoitteluun piirustuksen, maalauksen, keramiikan, kuvanveiston, sek\u00e4 taidegrafiikan osa-alueilla. Lis\u00e4ksi opetus tutustuttaa oppilaat taidehistorian eri aikakausiin ja kuvallisen ilmaisun keinoihin. Opetuksen sis\u00e4ll\u00f6t etenev\u00e4t vuosittain&hellip; <br \/> <a class=\"read-more\" href=\"https:\/\/turunkuvataidekoulu.fi\/v5\/miksi-meidan-kuvataidekoulu\/yleista-koulusta\/\">Read more<\/a><\/p>\n","protected":false},"author":1,"featured_media":0,"parent":1478,"menu_order":0,"comment_status":"closed","ping_status":"closed","template":"","meta":{"_monsterinsights_skip_tracking":false,"_monsterinsights_sitenote_active":false,"_monsterinsights_sitenote_note":"","_monsterinsights_sitenote_category":0,"footnotes":""},"class_list":["post-62","page","type-page","status-publish","hentry"],"_links":{"self":[{"href":"https:\/\/turunkuvataidekoulu.fi\/v5\/wp-json\/wp\/v2\/pages\/62","targetHints":{"allow":["GET"]}}],"collection":[{"href":"https:\/\/turunkuvataidekoulu.fi\/v5\/wp-json\/wp\/v2\/pages"}],"about":[{"href":"https:\/\/turunkuvataidekoulu.fi\/v5\/wp-json\/wp\/v2\/types\/page"}],"author":[{"embeddable":true,"href":"https:\/\/turunkuvataidekoulu.fi\/v5\/wp-json\/wp\/v2\/users\/1"}],"replies":[{"embeddable":true,"href":"https:\/\/turunkuvataidekoulu.fi\/v5\/wp-json\/wp\/v2\/comments?post=62"}],"version-history":[{"count":15,"href":"https:\/\/turunkuvataidekoulu.fi\/v5\/wp-json\/wp\/v2\/pages\/62\/revisions"}],"predecessor-version":[{"id":1405,"href":"https:\/\/turunkuvataidekoulu.fi\/v5\/wp-json\/wp\/v2\/pages\/62\/revisions\/1405"}],"up":[{"embeddable":true,"href":"https:\/\/turunkuvataidekoulu.fi\/v5\/wp-json\/wp\/v2\/pages\/1478"}],"wp:attachment":[{"href":"https:\/\/turunkuvataidekoulu.fi\/v5\/wp-json\/wp\/v2\/media?parent=62"}],"curies":[{"name":"wp","href":"https:\/\/api.w.org\/{rel}","templated":true}]}}