{"id":2012,"date":"2025-10-08T07:53:48","date_gmt":"2025-10-08T07:53:48","guid":{"rendered":"https:\/\/turunkuvataidekoulu.fi\/v5\/?page_id=2012"},"modified":"2026-01-12T12:52:47","modified_gmt":"2026-01-12T12:52:47","slug":"aikuisten-ateljee-ryhmat","status":"publish","type":"page","link":"https:\/\/turunkuvataidekoulu.fi\/v5\/aikuisten-ateljee-ryhmat\/","title":{"rendered":"Aikuisten ateljee -ryhm\u00e4t"},"content":{"rendered":"\n<p class=\"has-black-color has-text-color has-link-color wp-elements-9ac00cf961d1ea846fe5a532228b76c6\"><\/p>\n\n\n\n<p class=\"has-black-color has-text-color\"><strong>Kev\u00e4tlukukautemme alkaa&nbsp;19.1.2025.&nbsp;Mukaan voi ilmoittautua my\u00f6s kesken kauden, kysy vapaita paikkoja!&nbsp;<\/strong>T\u00e4yt\u00e4 ilmoittautumislomake nettisivujemme kautta ja muistathan ilmoittaa ryhm\u00e4toiveesi. Ryhm\u00e4t kokoontuvat kauden aikana 13 kertaa.<\/p>\n\n\n\n<p class=\"has-black-color has-text-color\"><strong>Huom!&nbsp;<\/strong>Ryhm\u00e4lista on alustava ja sit\u00e4 p\u00e4ivitet\u00e4\u00e4n ilmoittautumisten mukaan. Jos ei juuri t\u00e4ll\u00e4 hetkell\u00e4 l\u00f6ydy sopivaa ryhm\u00e4\u00e4 ole yhteydess\u00e4 toimistoon ja kannattaa k\u00e4yd\u00e4 katselemassa sopivia vaihtoehtoja my\u00f6s lukukauden aikana. Aikaisempaa kokemusta ei tarvitse olla. Peruskoulujen loma-aikoina ei ole tunteja. Ilmoittaudu kuvislaiseksi <a href=\"https:\/\/turunkuvataidekoulu.fi\/v5\/ilmoittaumislomake\/\" data-type=\"link\" data-id=\"https:\/\/turunkuvataidekoulu.fi\/v5\/ilmoittaumislomake\/\">t\u00e4\u00e4ll\u00e4<\/a>! <\/p>\n\n\n\n<p class=\"has-black-color has-text-color has-link-color wp-elements-2b9eca9a9ac13c46c54e205252703f7f\">Tutustu ryhmiin <em>opetusryhm\u00e4t<\/em> -v\u00e4lilehdelt\u00e4!<\/p>\n\n\n\n<p class=\"has-black-color has-text-color has-link-color wp-elements-9ac00cf961d1ea846fe5a532228b76c6\"><\/p>\n\n\n\n<figure class=\"wp-block-table aligncenter is-style-regular\"><table class=\"has-black-color has-white-background-color has-text-color has-background has-link-color has-fixed-layout\"><thead><tr><th class=\"has-text-align-left\" data-align=\"left\">Ryhm\u00e4<\/th><th class=\"has-text-align-left\" data-align=\"left\">Aikataulu<\/th><th class=\"has-text-align-left\" data-align=\"left\">Opettaja<\/th><\/tr><\/thead><tbody><tr><td class=\"has-text-align-left\" data-align=\"left\">Valmennuskurssi luoville aloille, MA2X<\/td><td class=\"has-text-align-left\" data-align=\"left\">maanantaisin 17-19.30, alkaa 19.1.2026<\/td><td class=\"has-text-align-left\" data-align=\"left\"><strong><strong>Katja<\/strong><\/strong><\/td><\/tr><tr><td class=\"has-text-align-left\" data-align=\"left\">Aikuisten ateljee, LA2B <\/td><td class=\"has-text-align-left\" data-align=\"left\">lauantaisin 11.30-14.00<\/td><td class=\"has-text-align-left\" data-align=\"left\"><strong><strong>Kerttu<\/strong><\/strong><\/td><\/tr><tr><td class=\"has-text-align-left\" data-align=\"left\">Aikuisten ja senioreiden keramiikkaryhm\u00e4, KE1C<\/td><td class=\"has-text-align-left\" data-align=\"left\">keskiviikkoisin 16.30-18.30<\/td><td class=\"has-text-align-left\" data-align=\"left\"><strong>Kerttu<\/strong><\/td><\/tr><tr><td class=\"has-text-align-left\" data-align=\"left\">Aikuisten ateljee, MA2B<\/td><td class=\"has-text-align-left\" data-align=\"left\">maanantaisin 17-19.30<\/td><td class=\"has-text-align-left\" data-align=\"left\"><strong>Kerttu<\/strong><\/td><\/tr><\/tbody><\/table><\/figure>\n\n\n\n<p class=\"has-black-color has-text-color has-link-color wp-elements-9ac00cf961d1ea846fe5a532228b76c6\"><\/p>\n\n\n\n<p class=\"has-black-color has-text-color has-link-color wp-elements-9ac00cf961d1ea846fe5a532228b76c6\"><\/p>\n\n\n\n<figure class=\"wp-block-gallery has-nested-images columns-4 is-cropped wp-block-gallery-1 is-layout-flex wp-block-gallery-is-layout-flex\">\n<figure class=\"wp-block-image size-large\"><img loading=\"lazy\" decoding=\"async\" width=\"768\" height=\"1024\" data-id=\"1975\" src=\"https:\/\/turunkuvataidekoulu.fi\/v5\/wp-content\/uploads\/2025\/10\/IMG_7135-768x1024.jpeg\" alt=\"\" class=\"wp-image-1975\" srcset=\"https:\/\/turunkuvataidekoulu.fi\/v5\/wp-content\/uploads\/2025\/10\/IMG_7135-768x1024.jpeg 768w, https:\/\/turunkuvataidekoulu.fi\/v5\/wp-content\/uploads\/2025\/10\/IMG_7135-225x300.jpeg 225w, https:\/\/turunkuvataidekoulu.fi\/v5\/wp-content\/uploads\/2025\/10\/IMG_7135-1152x1536.jpeg 1152w, https:\/\/turunkuvataidekoulu.fi\/v5\/wp-content\/uploads\/2025\/10\/IMG_7135-1536x2048.jpeg 1536w, https:\/\/turunkuvataidekoulu.fi\/v5\/wp-content\/uploads\/2025\/10\/IMG_7135-1024x1365.jpeg 1024w, https:\/\/turunkuvataidekoulu.fi\/v5\/wp-content\/uploads\/2025\/10\/IMG_7135-810x1080.jpeg 810w, https:\/\/turunkuvataidekoulu.fi\/v5\/wp-content\/uploads\/2025\/10\/IMG_7135-scaled.jpeg 1920w\" sizes=\"auto, (max-width: 768px) 100vw, 768px\" \/><\/figure>\n\n\n\n<figure class=\"wp-block-image size-large\"><img loading=\"lazy\" decoding=\"async\" width=\"768\" height=\"1024\" data-id=\"1959\" src=\"https:\/\/turunkuvataidekoulu.fi\/v5\/wp-content\/uploads\/2025\/10\/IMG_9651-768x1024.jpeg\" alt=\"\" class=\"wp-image-1959\" srcset=\"https:\/\/turunkuvataidekoulu.fi\/v5\/wp-content\/uploads\/2025\/10\/IMG_9651-768x1024.jpeg 768w, https:\/\/turunkuvataidekoulu.fi\/v5\/wp-content\/uploads\/2025\/10\/IMG_9651-225x300.jpeg 225w, https:\/\/turunkuvataidekoulu.fi\/v5\/wp-content\/uploads\/2025\/10\/IMG_9651-1152x1536.jpeg 1152w, https:\/\/turunkuvataidekoulu.fi\/v5\/wp-content\/uploads\/2025\/10\/IMG_9651-1536x2048.jpeg 1536w, https:\/\/turunkuvataidekoulu.fi\/v5\/wp-content\/uploads\/2025\/10\/IMG_9651-1024x1365.jpeg 1024w, https:\/\/turunkuvataidekoulu.fi\/v5\/wp-content\/uploads\/2025\/10\/IMG_9651-810x1080.jpeg 810w, https:\/\/turunkuvataidekoulu.fi\/v5\/wp-content\/uploads\/2025\/10\/IMG_9651-scaled.jpeg 1920w\" sizes=\"auto, (max-width: 768px) 100vw, 768px\" \/><\/figure>\n\n\n\n<figure class=\"wp-block-image size-large\"><img loading=\"lazy\" decoding=\"async\" width=\"1024\" height=\"683\" data-id=\"1665\" src=\"https:\/\/turunkuvataidekoulu.fi\/v5\/wp-content\/uploads\/2025\/09\/DSCF9741-1024x683.jpg\" alt=\"\" class=\"wp-image-1665\" srcset=\"https:\/\/turunkuvataidekoulu.fi\/v5\/wp-content\/uploads\/2025\/09\/DSCF9741-1024x683.jpg 1024w, https:\/\/turunkuvataidekoulu.fi\/v5\/wp-content\/uploads\/2025\/09\/DSCF9741-300x200.jpg 300w, https:\/\/turunkuvataidekoulu.fi\/v5\/wp-content\/uploads\/2025\/09\/DSCF9741-768x512.jpg 768w, https:\/\/turunkuvataidekoulu.fi\/v5\/wp-content\/uploads\/2025\/09\/DSCF9741-1536x1024.jpg 1536w, https:\/\/turunkuvataidekoulu.fi\/v5\/wp-content\/uploads\/2025\/09\/DSCF9741-2048x1365.jpg 2048w, https:\/\/turunkuvataidekoulu.fi\/v5\/wp-content\/uploads\/2025\/09\/DSCF9741-1620x1080.jpg 1620w\" sizes=\"auto, (max-width: 1024px) 100vw, 1024px\" \/><\/figure>\n\n\n\n<figure class=\"wp-block-image size-large\"><img loading=\"lazy\" decoding=\"async\" width=\"683\" height=\"1024\" data-id=\"1641\" src=\"https:\/\/turunkuvataidekoulu.fi\/v5\/wp-content\/uploads\/2025\/09\/DSCF9717-683x1024.jpg\" alt=\"\" class=\"wp-image-1641\" srcset=\"https:\/\/turunkuvataidekoulu.fi\/v5\/wp-content\/uploads\/2025\/09\/DSCF9717-683x1024.jpg 683w, https:\/\/turunkuvataidekoulu.fi\/v5\/wp-content\/uploads\/2025\/09\/DSCF9717-200x300.jpg 200w, https:\/\/turunkuvataidekoulu.fi\/v5\/wp-content\/uploads\/2025\/09\/DSCF9717-768x1152.jpg 768w, https:\/\/turunkuvataidekoulu.fi\/v5\/wp-content\/uploads\/2025\/09\/DSCF9717-1024x1536.jpg 1024w, https:\/\/turunkuvataidekoulu.fi\/v5\/wp-content\/uploads\/2025\/09\/DSCF9717-1365x2048.jpg 1365w, https:\/\/turunkuvataidekoulu.fi\/v5\/wp-content\/uploads\/2025\/09\/DSCF9717-720x1080.jpg 720w, https:\/\/turunkuvataidekoulu.fi\/v5\/wp-content\/uploads\/2025\/09\/DSCF9717-scaled.jpg 1707w\" sizes=\"auto, (max-width: 683px) 100vw, 683px\" \/><\/figure>\n\n\n\n<figure class=\"wp-block-image size-large\"><img loading=\"lazy\" decoding=\"async\" width=\"683\" height=\"1024\" data-id=\"1591\" src=\"https:\/\/turunkuvataidekoulu.fi\/v5\/wp-content\/uploads\/2025\/09\/DSCF9667-683x1024.jpg\" alt=\"\" class=\"wp-image-1591\" srcset=\"https:\/\/turunkuvataidekoulu.fi\/v5\/wp-content\/uploads\/2025\/09\/DSCF9667-683x1024.jpg 683w, https:\/\/turunkuvataidekoulu.fi\/v5\/wp-content\/uploads\/2025\/09\/DSCF9667-200x300.jpg 200w, https:\/\/turunkuvataidekoulu.fi\/v5\/wp-content\/uploads\/2025\/09\/DSCF9667-768x1152.jpg 768w, https:\/\/turunkuvataidekoulu.fi\/v5\/wp-content\/uploads\/2025\/09\/DSCF9667-1024x1536.jpg 1024w, https:\/\/turunkuvataidekoulu.fi\/v5\/wp-content\/uploads\/2025\/09\/DSCF9667-1365x2048.jpg 1365w, https:\/\/turunkuvataidekoulu.fi\/v5\/wp-content\/uploads\/2025\/09\/DSCF9667-720x1080.jpg 720w, https:\/\/turunkuvataidekoulu.fi\/v5\/wp-content\/uploads\/2025\/09\/DSCF9667-scaled.jpg 1707w\" sizes=\"auto, (max-width: 683px) 100vw, 683px\" \/><\/figure>\n\n\n\n<figure class=\"wp-block-image size-large\"><img loading=\"lazy\" decoding=\"async\" width=\"768\" height=\"1024\" data-id=\"1337\" src=\"https:\/\/turunkuvataidekoulu.fi\/v5\/wp-content\/uploads\/2025\/04\/fc497d36-5c5d-484a-a560-eeb630beac19-768x1024.jpg\" alt=\"\" class=\"wp-image-1337\" srcset=\"https:\/\/turunkuvataidekoulu.fi\/v5\/wp-content\/uploads\/2025\/04\/fc497d36-5c5d-484a-a560-eeb630beac19-768x1024.jpg 768w, https:\/\/turunkuvataidekoulu.fi\/v5\/wp-content\/uploads\/2025\/04\/fc497d36-5c5d-484a-a560-eeb630beac19-225x300.jpg 225w, https:\/\/turunkuvataidekoulu.fi\/v5\/wp-content\/uploads\/2025\/04\/fc497d36-5c5d-484a-a560-eeb630beac19-1152x1536.jpg 1152w, https:\/\/turunkuvataidekoulu.fi\/v5\/wp-content\/uploads\/2025\/04\/fc497d36-5c5d-484a-a560-eeb630beac19-1024x1365.jpg 1024w, https:\/\/turunkuvataidekoulu.fi\/v5\/wp-content\/uploads\/2025\/04\/fc497d36-5c5d-484a-a560-eeb630beac19-810x1080.jpg 810w, https:\/\/turunkuvataidekoulu.fi\/v5\/wp-content\/uploads\/2025\/04\/fc497d36-5c5d-484a-a560-eeb630beac19.jpg 1200w\" sizes=\"auto, (max-width: 768px) 100vw, 768px\" \/><\/figure>\n\n\n\n<figure class=\"wp-block-image size-large\"><img loading=\"lazy\" decoding=\"async\" width=\"683\" height=\"1024\" data-id=\"1654\" src=\"https:\/\/turunkuvataidekoulu.fi\/v5\/wp-content\/uploads\/2025\/09\/DSCF9730-683x1024.jpg\" alt=\"\" class=\"wp-image-1654\" srcset=\"https:\/\/turunkuvataidekoulu.fi\/v5\/wp-content\/uploads\/2025\/09\/DSCF9730-683x1024.jpg 683w, https:\/\/turunkuvataidekoulu.fi\/v5\/wp-content\/uploads\/2025\/09\/DSCF9730-200x300.jpg 200w, https:\/\/turunkuvataidekoulu.fi\/v5\/wp-content\/uploads\/2025\/09\/DSCF9730-768x1152.jpg 768w, https:\/\/turunkuvataidekoulu.fi\/v5\/wp-content\/uploads\/2025\/09\/DSCF9730-1024x1536.jpg 1024w, https:\/\/turunkuvataidekoulu.fi\/v5\/wp-content\/uploads\/2025\/09\/DSCF9730-1365x2048.jpg 1365w, https:\/\/turunkuvataidekoulu.fi\/v5\/wp-content\/uploads\/2025\/09\/DSCF9730-720x1080.jpg 720w, https:\/\/turunkuvataidekoulu.fi\/v5\/wp-content\/uploads\/2025\/09\/DSCF9730-scaled.jpg 1707w\" sizes=\"auto, (max-width: 683px) 100vw, 683px\" \/><\/figure>\n\n\n\n<figure class=\"wp-block-image size-large\"><img loading=\"lazy\" decoding=\"async\" width=\"1024\" height=\"683\" data-id=\"1664\" src=\"https:\/\/turunkuvataidekoulu.fi\/v5\/wp-content\/uploads\/2025\/09\/DSCF9740-1024x683.jpg\" alt=\"\" class=\"wp-image-1664\" srcset=\"https:\/\/turunkuvataidekoulu.fi\/v5\/wp-content\/uploads\/2025\/09\/DSCF9740-1024x683.jpg 1024w, https:\/\/turunkuvataidekoulu.fi\/v5\/wp-content\/uploads\/2025\/09\/DSCF9740-300x200.jpg 300w, https:\/\/turunkuvataidekoulu.fi\/v5\/wp-content\/uploads\/2025\/09\/DSCF9740-768x512.jpg 768w, https:\/\/turunkuvataidekoulu.fi\/v5\/wp-content\/uploads\/2025\/09\/DSCF9740-1536x1024.jpg 1536w, https:\/\/turunkuvataidekoulu.fi\/v5\/wp-content\/uploads\/2025\/09\/DSCF9740-2048x1365.jpg 2048w, https:\/\/turunkuvataidekoulu.fi\/v5\/wp-content\/uploads\/2025\/09\/DSCF9740-1620x1080.jpg 1620w\" sizes=\"auto, (max-width: 1024px) 100vw, 1024px\" \/><\/figure>\n<\/figure>\n","protected":false},"excerpt":{"rendered":"<p>Kev\u00e4tlukukautemme alkaa&nbsp;19.1.2025.&nbsp;Mukaan voi ilmoittautua my\u00f6s kesken kauden, kysy vapaita paikkoja!&nbsp;T\u00e4yt\u00e4 ilmoittautumislomake nettisivujemme kautta ja muistathan ilmoittaa ryhm\u00e4toiveesi. Ryhm\u00e4t kokoontuvat kauden aikana 13 kertaa. Huom!&nbsp;Ryhm\u00e4lista on alustava ja sit\u00e4 p\u00e4ivitet\u00e4\u00e4n ilmoittautumisten mukaan. Jos ei juuri t\u00e4ll\u00e4 hetkell\u00e4 l\u00f6ydy sopivaa ryhm\u00e4\u00e4 ole yhteydess\u00e4 toimistoon ja kannattaa k\u00e4yd\u00e4 katselemassa sopivia vaihtoehtoja my\u00f6s lukukauden aikana. Aikaisempaa kokemusta ei tarvitse&hellip; <br \/> <a class=\"read-more\" href=\"https:\/\/turunkuvataidekoulu.fi\/v5\/aikuisten-ateljee-ryhmat\/\">Read more<\/a><\/p>\n","protected":false},"author":5,"featured_media":0,"parent":0,"menu_order":0,"comment_status":"closed","ping_status":"closed","template":"","meta":{"_monsterinsights_skip_tracking":false,"_monsterinsights_sitenote_active":false,"_monsterinsights_sitenote_note":"","_monsterinsights_sitenote_category":0,"footnotes":""},"class_list":["post-2012","page","type-page","status-publish","hentry"],"_links":{"self":[{"href":"https:\/\/turunkuvataidekoulu.fi\/v5\/wp-json\/wp\/v2\/pages\/2012","targetHints":{"allow":["GET"]}}],"collection":[{"href":"https:\/\/turunkuvataidekoulu.fi\/v5\/wp-json\/wp\/v2\/pages"}],"about":[{"href":"https:\/\/turunkuvataidekoulu.fi\/v5\/wp-json\/wp\/v2\/types\/page"}],"author":[{"embeddable":true,"href":"https:\/\/turunkuvataidekoulu.fi\/v5\/wp-json\/wp\/v2\/users\/5"}],"replies":[{"embeddable":true,"href":"https:\/\/turunkuvataidekoulu.fi\/v5\/wp-json\/wp\/v2\/comments?post=2012"}],"version-history":[{"count":4,"href":"https:\/\/turunkuvataidekoulu.fi\/v5\/wp-json\/wp\/v2\/pages\/2012\/revisions"}],"predecessor-version":[{"id":2137,"href":"https:\/\/turunkuvataidekoulu.fi\/v5\/wp-json\/wp\/v2\/pages\/2012\/revisions\/2137"}],"wp:attachment":[{"href":"https:\/\/turunkuvataidekoulu.fi\/v5\/wp-json\/wp\/v2\/media?parent=2012"}],"curies":[{"name":"wp","href":"https:\/\/api.w.org\/{rel}","templated":true}]}}