{"id":2,"date":"2020-01-28T12:53:35","date_gmt":"2020-01-28T12:53:35","guid":{"rendered":"http:\/\/turunkuvataidekoulu.fi\/v5\/?page_id=2"},"modified":"2025-04-03T10:37:37","modified_gmt":"2025-04-03T10:37:37","slug":"sample-page","status":"publish","type":"page","link":"https:\/\/turunkuvataidekoulu.fi\/v5\/sample-page\/","title":{"rendered":"Yhteystiedot"},"content":{"rendered":"\n<font color=\"#00000\"><p><br>Tuureporinkatu 17, 20100 Turku<br>www.turunkuvataidekoulu.fi<\/p>\n\n\n\n<p>Ensisijaisesti s\u00e4hk\u00f6postitse:<br>S\u00e4hk\u00f6posti: toimisto@turunkuvataidekoulu.fi<\/p>\n\n\n\n<p>puh. 040 550 7777 <\/p>\n\n\n\n<p>Puhelin ja toimisto auki ma-to klo 10-14<\/p>\n\n\n\n<p>Toiminnanjohtaja Alina MacDonald: 041 458 4889, ma ja pe klo 9.30-14.00. Voi laittaa my\u00f6s viesti\u00e4. <br><\/p>\n\n\n\n<p>L\u00f6yd\u00e4t meid\u00e4t my\u00f6s <a href=\"https:\/\/www.facebook.com\/turun.kuvataidekoulu\/\" target=\"blank\" rel=\"noopener noreferrer\">Facebookista<\/a> ja <a href=\"https:\/\/www.instagram.com\/turunkuvataidekoulu\/\" target=\"blank\" rel=\"noopener noreferrer\">Instagramista!<\/a><\/p>\n\n\n<div class=\"wpgmza-store-locator wpgmza_sl_main_div\" data-id=\"1\">\r\n\t<div class=\"wpgmza-address-container wpgmza-form-field wpgmza_sl_query_div wpgmza-clearfix\">\r\n\t\t<label class=\"wpgmza-address wpgmza-form-field__label wpgmza-form-field__label--float\" data-name=\"addressLabel\" for=\"addressInput\">Postinumero \/ Osoite<\/label>\r\n\t\t<input class=\"wpgmza-address\" type=\"text\" placeholder=\"K\u00e4yt\u00e4 sijaintiani\" autocomplete=\"off\" data-name=\"defaultAddress\" value=\"\" id=\"addressInput\" size=\"20\">\r\n\t<\/div>\r\n\t\r\n\t<div class=\"wpgmza-radius-container wpgmza-form-field wpgmza_sl_radius_div wpgmza-clearfix\">\r\n\t\t<label class=\"wpgmza-radius wpgmza-form-field__label wpgmza-form-field__label--float\" for=\"radiusSelect\">\r\n\t\t\tS\u00e4de\t\t<\/label>\r\n\t\t<select class=\"wpgmza-radius wpgmza-form-field__input wpgmza_sl_radius_select\" id=\"radiusSelect\"><option class=\"wpgmza-radius wpgmza_sl_select_option\" value=\"1\">1maili<\/option><option class=\"wpgmza-radius wpgmza_sl_select_option\" value=\"5\">5maili<\/option><option class=\"wpgmza-radius wpgmza_sl_select_option\" value=\"10\" selected>10maili<\/option><option class=\"wpgmza-radius wpgmza_sl_select_option\" value=\"25\">25maili<\/option><option class=\"wpgmza-radius wpgmza_sl_select_option\" value=\"50\">50maili<\/option><option class=\"wpgmza-radius wpgmza_sl_select_option\" value=\"75\">75maili<\/option><option class=\"wpgmza-radius wpgmza_sl_select_option\" value=\"100\">100maili<\/option><option class=\"wpgmza-radius wpgmza_sl_select_option\" value=\"150\">150maili<\/option><option class=\"wpgmza-radius wpgmza_sl_select_option\" value=\"200\">200maili<\/option><option class=\"wpgmza-radius wpgmza_sl_select_option\" value=\"300\">300maili<\/option><\/select>\r\n\t<\/div>\r\n\t\r\n\t<input class=\"wpgmza-search wpgmza_sl_search_button wpgmza_sl_search_button_1\" value=\"Hae\" type=\"button\" onclick=\"searchLocations(1)\">\r\n\t\r\n\t<div class=\"wpgmza-no-results wpgmza-not-found-msg js-not-found-msg\" style=\"display: none;\">\r\n\t\t<p data-name=\"notFoundMessage\">No results found in this location. Please try again.<\/p>\r\n\t<\/div>\r\n<\/div><div id=\"wpgmza_map\" class=\"wpgmza_map\" data-settings='{\"id\":\"1\",\"map_title\":\"My first map\",\"map_width\":\"100\",\"map_height\":\"400\",\"map_start_lat\":\"60.455398\",\"map_start_lng\":\"22.265406\",\"map_start_location\":\"60.45539848485092,22.265405796295155\",\"map_start_zoom\":\"16\",\"default_marker\":\"0\",\"type\":\"1\",\"alignment\":\"4\",\"directions_enabled\":\"1\",\"styling_enabled\":\"0\",\"styling_json\":\"\",\"active\":\"0\",\"kml\":\"\",\"bicycle\":\"0\",\"traffic\":\"0\",\"dbox\":\"1\",\"dbox_width\":\"100\",\"listmarkers\":\"0\",\"listmarkers_advanced\":\"0\",\"filterbycat\":\"0\",\"ugm_enabled\":\"0\",\"ugm_category_enabled\":\"0\",\"fusion\":\"\",\"map_width_type\":\"%\",\"map_height_type\":\"px\",\"mass_marker_support\":\"1\",\"ugm_access\":\"0\",\"order_markers_by\":\"0\",\"order_markers_choice\":\"0\",\"show_user_location\":\"0\",\"default_to\":\"\",\"other_settings\":{\"store_locator_enabled\":true,\"store_locator_distance\":true,\"store_locator_default_radius\":10,\"store_locator_not_found_message\":\"\",\"store_locator_bounce\":1,\"store_locator_query_string\":\"\",\"store_locator_default_address\":\"\",\"wpgmza_store_locator_restrict\":\"fi\",\"wpgmza_store_locator_radius_style\":\"modern\",\"map_max_zoom\":\"1\",\"transport_layer\":false,\"wpgmza_show_points_of_interest\":0,\"wpgmza_auto_night\":0,\"action\":\"wpgmza_save_map\",\"redirect_to\":\"\\\/v5\\\/wp-admin\\\/admin-post.php\",\"map_id\":\"1\",\"http_referer\":\"\\\/v5\\\/wp-admin\\\/admin.php?page=wp-google-maps-menu&amp;amp;action=edit&amp;amp;map_id=1\",\"wpgmza_id\":\"1\",\"wpgmza_start_location\":\"\",\"wpgmza_start_zoom\":\"4\",\"store_locator_search_area\":\"radial\",\"wpgmza_store_locator_default_radius\":\"10\",\"store_locator_auto_area_max_zoom\":\"\",\"wpgmza_store_locator_position\":false,\"store_locator_show_distance\":false,\"store_locator_category\":false,\"wpgmza_store_locator_use_their_location\":false,\"wpgmza_store_locator_bounce\":false,\"wpgmza_sl_animation\":null,\"wpgmza_store_locator_hide_before_search\":false,\"store_locator_name_search\":false,\"store_locator_name_string\":\"\",\"sl_stroke_color\":\"\",\"sl_stroke_opacity\":\"\",\"sl_fill_color\":\"\",\"sl_fill_opacity\":\"\",\"wpgmza_map_align\":\"1\",\"jump_to_nearest_marker_on_initialization\":false,\"automatically_pan_to_users_location\":false,\"override_users_location_zoom_level\":false,\"override_users_location_zoom_levels\":\"\",\"show_distance_from_location\":false,\"map_min_zoom\":\"0\",\"click_open_link\":false,\"fit_maps_bounds_to_markers\":false,\"fit_maps_bounds_to_markers_after_filtering\":false,\"hide_point_of_interest\":false,\"wpgmza_zoom_on_marker_click\":false,\"wpgmza_zoom_on_marker_click_slider\":\"\",\"close_infowindow_on_map_click\":false,\"disable_lightbox_images\":false,\"use_Raw_Jpeg_Coordinates\":false,\"polygon_labels\":false,\"disable_polygon_info_windows\":false,\"enable_marker_ratings\":false,\"only_load_markers_within_viewport\":false,\"iw_primary_color\":\"\",\"iw_accent_color\":\"\",\"iw_text_color\":\"\",\"wpgmza_listmarkers_by\":\"0\",\"wpgmza_marker_listing_position\":false,\"datatable_no_result_message\":\"\",\"remove_search_box_datables\":false,\"dataTable_pagination_style\":null,\"datatable_search_string\":\"\",\"datatable_result_start\":\"\",\"datatable_result_of\":\"\",\"datatable_result_to\":\"\",\"datatable_result_total\":\"\",\"datatable_result_show\":\"\",\"datatable_result_entries\":\"\",\"wpgmza_savemap\":\"Save Map \\u00bb\"}}' data-map-id='1' Data-maps-engine='open-layers' data-shortcode-attributes='{\"id\":\"1\"}' style=\"display:block; overflow:auto; width:100%; height:400px; float:left;\"><\/div>\n\n\n<figure class=\"wp-block-image size-large\"><img loading=\"lazy\" decoding=\"async\" width=\"1024\" height=\"734\" src=\"http:\/\/turunkuvataidekoulu.fi\/v5\/wp-content\/uploads\/2020\/04\/alisa-6v.-2-1024x734.jpg\" alt=\"\" class=\"wp-image-212\" srcset=\"https:\/\/turunkuvataidekoulu.fi\/v5\/wp-content\/uploads\/2020\/04\/alisa-6v.-2-1024x734.jpg 1024w, https:\/\/turunkuvataidekoulu.fi\/v5\/wp-content\/uploads\/2020\/04\/alisa-6v.-2-300x215.jpg 300w, https:\/\/turunkuvataidekoulu.fi\/v5\/wp-content\/uploads\/2020\/04\/alisa-6v.-2-768x550.jpg 768w, https:\/\/turunkuvataidekoulu.fi\/v5\/wp-content\/uploads\/2020\/04\/alisa-6v.-2-1536x1101.jpg 1536w, https:\/\/turunkuvataidekoulu.fi\/v5\/wp-content\/uploads\/2020\/04\/alisa-6v.-2-1507x1080.jpg 1507w, https:\/\/turunkuvataidekoulu.fi\/v5\/wp-content\/uploads\/2020\/04\/alisa-6v.-2.jpg 1648w\" sizes=\"auto, (max-width: 1024px) 100vw, 1024px\" \/><figcaption><em>Alisa, 6v.<\/em><\/figcaption><\/figure>\n\n\n\n<p><\/p>\n","protected":false},"excerpt":{"rendered":"<p>Tuureporinkatu 17, 20100 Turkuwww.turunkuvataidekoulu.fi Ensisijaisesti s\u00e4hk\u00f6postitse:S\u00e4hk\u00f6posti: toimisto@turunkuvataidekoulu.fi puh. 040 550 7777 Puhelin ja toimisto auki ma-to klo 10-14 Toiminnanjohtaja Alina MacDonald: 041 458 4889, ma ja pe klo 9.30-14.00. Voi laittaa my\u00f6s viesti\u00e4. L\u00f6yd\u00e4t meid\u00e4t my\u00f6s Facebookista ja Instagramista!<\/p>\n","protected":false},"author":1,"featured_media":603,"parent":0,"menu_order":0,"comment_status":"closed","ping_status":"open","template":"","meta":{"_monsterinsights_skip_tracking":false,"_monsterinsights_sitenote_active":false,"_monsterinsights_sitenote_note":"","_monsterinsights_sitenote_category":0,"footnotes":""},"class_list":["post-2","page","type-page","status-publish","has-post-thumbnail","hentry"],"_links":{"self":[{"href":"https:\/\/turunkuvataidekoulu.fi\/v5\/wp-json\/wp\/v2\/pages\/2","targetHints":{"allow":["GET"]}}],"collection":[{"href":"https:\/\/turunkuvataidekoulu.fi\/v5\/wp-json\/wp\/v2\/pages"}],"about":[{"href":"https:\/\/turunkuvataidekoulu.fi\/v5\/wp-json\/wp\/v2\/types\/page"}],"author":[{"embeddable":true,"href":"https:\/\/turunkuvataidekoulu.fi\/v5\/wp-json\/wp\/v2\/users\/1"}],"replies":[{"embeddable":true,"href":"https:\/\/turunkuvataidekoulu.fi\/v5\/wp-json\/wp\/v2\/comments?post=2"}],"version-history":[{"count":17,"href":"https:\/\/turunkuvataidekoulu.fi\/v5\/wp-json\/wp\/v2\/pages\/2\/revisions"}],"predecessor-version":[{"id":1350,"href":"https:\/\/turunkuvataidekoulu.fi\/v5\/wp-json\/wp\/v2\/pages\/2\/revisions\/1350"}],"wp:featuredmedia":[{"embeddable":true,"href":"https:\/\/turunkuvataidekoulu.fi\/v5\/wp-json\/wp\/v2\/media\/603"}],"wp:attachment":[{"href":"https:\/\/turunkuvataidekoulu.fi\/v5\/wp-json\/wp\/v2\/media?parent=2"}],"curies":[{"name":"wp","href":"https:\/\/api.w.org\/{rel}","templated":true}]}}