{"id":1797,"date":"2025-10-07T05:38:24","date_gmt":"2025-10-07T05:38:24","guid":{"rendered":"https:\/\/turunkuvataidekoulu.fi\/v5\/?page_id=1797"},"modified":"2025-10-07T05:47:09","modified_gmt":"2025-10-07T05:47:09","slug":"tyoporukalle-taidetta-ja-yhdessaoloa","status":"publish","type":"page","link":"https:\/\/turunkuvataidekoulu.fi\/v5\/tyoporukalle-taidetta-ja-yhdessaoloa\/","title":{"rendered":"Ty\u00f6porukalle taidetta ja yhdess\u00e4oloa"},"content":{"rendered":"\n<p class=\"has-black-color has-text-color has-link-color wp-elements-614126f6fae16bc1cb5e38df9603cc7d\"><strong>Kuvataidekoululla voi j\u00e4rjest\u00e4\u00e4 juhlia!<\/strong><\/p>\n\n\n\n<p class=\"has-black-color has-text-color has-link-color wp-elements-5fd6b86b1d9956be419ce483d99f1598\"><strong>J\u00e4rjest\u00e4mme juhlia, virkistysp\u00e4ivi\u00e4 ja kursseja teid\u00e4n tarpeen mukaan. Niit\u00e4 voi tiedustella tarkemmin: toimisto@turunkuvataidekoulu.fi tai puh.&nbsp;<a href=\"tel:041 458 4889\">041 458 4889<\/a><\/strong><\/p>\n\n\n\n<p class=\"has-black-color has-text-color has-link-color wp-elements-03c2c922b145e7e431a6bb02194e4016\">________________________________________________________________________<\/p>\n\n\n\n<p class=\"has-black-color has-text-color has-link-color wp-elements-b893de3d513ded48a800bd252dd84f64\"><strong>Ty\u00f6porukalle taidetta ja yhdess\u00e4oloa<\/strong>?<br>Kuvataidekoulun ty\u00f6pajassa p\u00e4\u00e4sette kokeilemaan taidetta rennossa ja inspiroivassa ymp\u00e4rist\u00f6ss\u00e4. Ty\u00f6skentelyn aikana voi synty\u00e4 yhteinen teos ty\u00f6paikan sein\u00e4lle tai jokainen voi toteuttaa oman pienen taideteoksensa.<\/p>\n\n\n\n<p class=\"has-black-color has-text-color has-link-color wp-elements-43b785fc9033c56356c60b0fbe84c034\">Tilamme soveltuvat mukavasti sek\u00e4 pienemmille ett\u00e4 isommille ryhmille max noin 40 hl\u00f6. Voitte tuoda mukananne omat juomat ja tarjottavat tai tilata tarjoilut valmiiksi paikalle. K\u00e4ytett\u00e4viss\u00e4 on my\u00f6s pieni keitti\u00f6. Vuokraamme tiloja my\u00f6s taiteilun lis\u00e4ksi esimerkiksi ty\u00f6pajaa tai illanviettoa varten. <\/p>\n\n\n\n<p class=\"has-black-color has-text-color has-link-color wp-elements-0a3b447e113491185d1ebda8b4b6859a\">Taidety\u00f6pajaa ei tarvitse l\u00e4hesty\u00e4 vakavasti tai taidoilla mitaten \u2013 t\u00e4rkeint\u00e4 on viihty\u00e4 yhdess\u00e4, kokeilla uutta ja l\u00f6yt\u00e4\u00e4 ehk\u00e4 yll\u00e4tt\u00e4vi\u00e4kin puolia ty\u00f6kavereista luovan tekemisen kautta.<\/p>\n\n\n\n<figure class=\"wp-block-gallery has-nested-images columns-default is-cropped wp-block-gallery-1 is-layout-flex wp-block-gallery-is-layout-flex\">\n<figure class=\"wp-block-image size-large\"><img loading=\"lazy\" decoding=\"async\" width=\"1024\" height=\"683\" data-id=\"1640\" src=\"https:\/\/turunkuvataidekoulu.fi\/v5\/wp-content\/uploads\/2025\/09\/DSCF9716-1024x683.jpg\" alt=\"\" class=\"wp-image-1640\" srcset=\"https:\/\/turunkuvataidekoulu.fi\/v5\/wp-content\/uploads\/2025\/09\/DSCF9716-1024x683.jpg 1024w, https:\/\/turunkuvataidekoulu.fi\/v5\/wp-content\/uploads\/2025\/09\/DSCF9716-300x200.jpg 300w, https:\/\/turunkuvataidekoulu.fi\/v5\/wp-content\/uploads\/2025\/09\/DSCF9716-768x512.jpg 768w, https:\/\/turunkuvataidekoulu.fi\/v5\/wp-content\/uploads\/2025\/09\/DSCF9716-1536x1024.jpg 1536w, https:\/\/turunkuvataidekoulu.fi\/v5\/wp-content\/uploads\/2025\/09\/DSCF9716-2048x1365.jpg 2048w, https:\/\/turunkuvataidekoulu.fi\/v5\/wp-content\/uploads\/2025\/09\/DSCF9716-1620x1080.jpg 1620w\" sizes=\"auto, (max-width: 1024px) 100vw, 1024px\" \/><figcaption class=\"wp-element-caption\">Keramiikkakulma<\/figcaption><\/figure>\n\n\n\n<figure class=\"wp-block-image size-large\"><img loading=\"lazy\" decoding=\"async\" width=\"1024\" height=\"683\" data-id=\"1509\" src=\"https:\/\/turunkuvataidekoulu.fi\/v5\/wp-content\/uploads\/2025\/08\/DSC_1045-1024x683.jpg\" alt=\"\" class=\"wp-image-1509\" srcset=\"https:\/\/turunkuvataidekoulu.fi\/v5\/wp-content\/uploads\/2025\/08\/DSC_1045-1024x683.jpg 1024w, https:\/\/turunkuvataidekoulu.fi\/v5\/wp-content\/uploads\/2025\/08\/DSC_1045-300x200.jpg 300w, https:\/\/turunkuvataidekoulu.fi\/v5\/wp-content\/uploads\/2025\/08\/DSC_1045-768x512.jpg 768w, https:\/\/turunkuvataidekoulu.fi\/v5\/wp-content\/uploads\/2025\/08\/DSC_1045-1536x1024.jpg 1536w, https:\/\/turunkuvataidekoulu.fi\/v5\/wp-content\/uploads\/2025\/08\/DSC_1045-2048x1365.jpg 2048w, https:\/\/turunkuvataidekoulu.fi\/v5\/wp-content\/uploads\/2025\/08\/DSC_1045-1620x1080.jpg 1620w\" sizes=\"auto, (max-width: 1024px) 100vw, 1024px\" \/><figcaption class=\"wp-element-caption\">Yksityistilaisuus<\/figcaption><\/figure>\n<\/figure>\n","protected":false},"excerpt":{"rendered":"<p>Kuvataidekoululla voi j\u00e4rjest\u00e4\u00e4 juhlia! J\u00e4rjest\u00e4mme juhlia, virkistysp\u00e4ivi\u00e4 ja kursseja teid\u00e4n tarpeen mukaan. Niit\u00e4 voi tiedustella tarkemmin: toimisto@turunkuvataidekoulu.fi tai puh.&nbsp;041 458 4889 ________________________________________________________________________ Ty\u00f6porukalle taidetta ja yhdess\u00e4oloa?Kuvataidekoulun ty\u00f6pajassa p\u00e4\u00e4sette kokeilemaan taidetta rennossa ja inspiroivassa ymp\u00e4rist\u00f6ss\u00e4. Ty\u00f6skentelyn aikana voi synty\u00e4 yhteinen teos ty\u00f6paikan sein\u00e4lle tai jokainen voi toteuttaa oman pienen taideteoksensa. Tilamme soveltuvat mukavasti sek\u00e4 pienemmille ett\u00e4&hellip; <br \/> <a class=\"read-more\" href=\"https:\/\/turunkuvataidekoulu.fi\/v5\/tyoporukalle-taidetta-ja-yhdessaoloa\/\">Read more<\/a><\/p>\n","protected":false},"author":5,"featured_media":1592,"parent":0,"menu_order":0,"comment_status":"closed","ping_status":"closed","template":"","meta":{"_monsterinsights_skip_tracking":false,"_monsterinsights_sitenote_active":false,"_monsterinsights_sitenote_note":"","_monsterinsights_sitenote_category":0,"footnotes":""},"class_list":["post-1797","page","type-page","status-publish","has-post-thumbnail","hentry"],"_links":{"self":[{"href":"https:\/\/turunkuvataidekoulu.fi\/v5\/wp-json\/wp\/v2\/pages\/1797","targetHints":{"allow":["GET"]}}],"collection":[{"href":"https:\/\/turunkuvataidekoulu.fi\/v5\/wp-json\/wp\/v2\/pages"}],"about":[{"href":"https:\/\/turunkuvataidekoulu.fi\/v5\/wp-json\/wp\/v2\/types\/page"}],"author":[{"embeddable":true,"href":"https:\/\/turunkuvataidekoulu.fi\/v5\/wp-json\/wp\/v2\/users\/5"}],"replies":[{"embeddable":true,"href":"https:\/\/turunkuvataidekoulu.fi\/v5\/wp-json\/wp\/v2\/comments?post=1797"}],"version-history":[{"count":3,"href":"https:\/\/turunkuvataidekoulu.fi\/v5\/wp-json\/wp\/v2\/pages\/1797\/revisions"}],"predecessor-version":[{"id":1804,"href":"https:\/\/turunkuvataidekoulu.fi\/v5\/wp-json\/wp\/v2\/pages\/1797\/revisions\/1804"}],"wp:featuredmedia":[{"embeddable":true,"href":"https:\/\/turunkuvataidekoulu.fi\/v5\/wp-json\/wp\/v2\/media\/1592"}],"wp:attachment":[{"href":"https:\/\/turunkuvataidekoulu.fi\/v5\/wp-json\/wp\/v2\/media?parent=1797"}],"curies":[{"name":"wp","href":"https:\/\/api.w.org\/{rel}","templated":true}]}}