{"id":1517,"date":"2025-08-26T08:29:05","date_gmt":"2025-08-26T08:29:05","guid":{"rendered":"https:\/\/turunkuvataidekoulu.fi\/v5\/?page_id=1517"},"modified":"2025-09-16T09:39:41","modified_gmt":"2025-09-16T09:39:41","slug":"galleria-kulma","status":"publish","type":"page","link":"https:\/\/turunkuvataidekoulu.fi\/v5\/mesmerize\/galleria-kulma\/","title":{"rendered":"Galleria Kulma"},"content":{"rendered":"\n<p class=\"has-black-color has-text-color has-link-color wp-elements-822c85aa987af958bd47777f5b1704ba\">Galleria Kulma on Turun Kuvataidekoulun oma galleriatila, jossa j\u00e4rjest\u00e4mme s\u00e4\u00e4nn\u00f6llisin v\u00e4liajoin oppilasn\u00e4yttelyit\u00e4. Nyt galleriassamme on my\u00f6s ulkopuolisten mahdollista pit\u00e4\u00e4 n\u00e4yttelyit\u00e4. <\/p>\n\n\n\n<p class=\"has-black-color has-text-color has-link-color wp-elements-673a099d9d6c62a500c244af05f10ca3\">Tila sijaitsee Turun keskustassa (Tuureporinkatu 17C) keskeisell\u00e4 ja vilkkaalla paikalla, jossa ohikulkuliikennett\u00e4 on runsaasti. Tila on n. 73 m\u00b2 kokoinen ja siin\u00e4 on suuret n\u00e4yteikkunat kahteen suuntaan. Tilassa on runsaasti luonnonvaloa ja tasainen kattovalaistus. Ripustus tapahtuu ripustuskiskojen avulla.<\/p>\n\n\n\n<p class=\"has-black-color has-text-color has-link-color wp-elements-c3abcad6b0a07d1267e0906d63b2e94f\">Haemme nyt jatkuvalla haulla taiteilijoita, taiteilijaryhmi\u00e4 ja luovia tekij\u00f6it\u00e4 pit\u00e4m\u00e4\u00e4n n\u00e4yttelyit\u00e4 syksyll\u00e4 2025 ja kev\u00e4\u00e4ll\u00e4 2026. N\u00e4yttelyn voi j\u00e4rjest\u00e4\u00e4 koko tilassa tai pelkk\u00e4n\u00e4 ikkunan\u00e4yttelyn\u00e4. Tilan yhteydess\u00e4 ei ole henkil\u00f6kuntaa tai valvontaa, mutta taiteilija voi halutessaan olla itse paikalla.&nbsp;<\/p>\n\n\n\n<p class=\"has-black-color has-text-color has-link-color wp-elements-7f270c2c34c6961cfc65aac6b29064b3\">N\u00e4yttely\u00e4 voi hakea 1-4 viikoksi kerralla. Kuvataidekoulu auttaa n\u00e4yttelyiden mainonnassa sosiaalisessa mediassa.<\/p>\n\n\n\n<p class=\"has-black-color has-text-color has-link-color wp-elements-cbaf8eed02f79933acdb9bcdc640431c\"><strong>Koko tila:<\/strong><strong><br><\/strong>\u2022 1 viikko: 200 \u20ac<br>\u2022 2 viikkoa: 250 \u20ac<br>\u2022 3 viikkoa: 350 \u20ac<br>\u2022 4 viikkoa: 450 \u20ac<\/p>\n\n\n\n<p class=\"has-black-color has-text-color has-link-color wp-elements-d221c76088218a39d3b300ef216cdabf\"><strong>Ikkunan\u00e4yttely:<\/strong><strong><br><\/strong>\u2022 1 viikko: 100 \u20ac<br>\u2022 2 viikkoa: 150 \u20ac<br>\u2022 4 viikkoa: 250 \u20ac<\/p>\n\n\n\n<h3 class=\"wp-block-heading has-black-color has-text-color has-link-color wp-elements-209a77d272d966143416b7192e53b817\">Hae mukaan l\u00e4hett\u00e4m\u00e4ll\u00e4:<\/h3>\n\n\n\n<ol class=\"wp-block-list\">\n<li class=\"has-black-color has-text-color has-link-color wp-elements-7afd76e4d82aa3575dd4e4696c37a3a8\">Lyhyt esittely itsest\u00e4si\/ryhm\u00e4st\u00e4, sek\u00e4 n\u00e4yttelysuunnitelma<\/li>\n\n\n\n<li class=\"has-black-color has-text-color has-link-color wp-elements-7ebe400db13aaf0b4d6f5b70dfe1bc33\">Teoskuvia \/ luonnoksia (3\u20135 kpl)<\/li>\n\n\n\n<li class=\"has-black-color has-text-color has-link-color wp-elements-c15e52a18c7fe8dcd817739fd43dc673\">Toivottu ajankohta ja n\u00e4yttelyn muoto (koko tila \/ ikkuna)<\/li>\n<\/ol>\n\n\n\n<p class=\"has-black-color has-text-color has-link-color wp-elements-e7df6d975840b6a13853f94daaedcb35\">Haku on toistaiseksi jatkuva, aloitamme n\u00e4yttelyiden pit\u00e4misen 1.9.2025 ja otamme hakemuksia vastaan 1.5.2026 asti. Kuvia galleriasta l\u00f6yd\u00e4t osoitteesta turunkuvataidekoulu.fi<\/p>\n\n\n\n<p class=\"has-black-color has-text-color has-link-color wp-elements-1462469cbad4143a0afd1a9dc5036fa7\">L\u00e4het\u00e4 hakemus osoitteeseen: <strong>toimisto@turunkuvataidekoulu.fi<\/strong><\/p>\n\n\n\n<figure class=\"wp-block-image size-large\"><img loading=\"lazy\" decoding=\"async\" width=\"1024\" height=\"1020\" src=\"https:\/\/turunkuvataidekoulu.fi\/v5\/wp-content\/uploads\/2025\/08\/Kuviskoulun-pohja-1024x1020.jpg\" alt=\"\" class=\"wp-image-1519\" srcset=\"https:\/\/turunkuvataidekoulu.fi\/v5\/wp-content\/uploads\/2025\/08\/Kuviskoulun-pohja-1024x1020.jpg 1024w, https:\/\/turunkuvataidekoulu.fi\/v5\/wp-content\/uploads\/2025\/08\/Kuviskoulun-pohja-300x300.jpg 300w, https:\/\/turunkuvataidekoulu.fi\/v5\/wp-content\/uploads\/2025\/08\/Kuviskoulun-pohja-150x150.jpg 150w, https:\/\/turunkuvataidekoulu.fi\/v5\/wp-content\/uploads\/2025\/08\/Kuviskoulun-pohja-768x765.jpg 768w, https:\/\/turunkuvataidekoulu.fi\/v5\/wp-content\/uploads\/2025\/08\/Kuviskoulun-pohja-1536x1530.jpg 1536w, https:\/\/turunkuvataidekoulu.fi\/v5\/wp-content\/uploads\/2025\/08\/Kuviskoulun-pohja-2048x2040.jpg 2048w, https:\/\/turunkuvataidekoulu.fi\/v5\/wp-content\/uploads\/2025\/08\/Kuviskoulun-pohja-1084x1080.jpg 1084w\" sizes=\"auto, (max-width: 1024px) 100vw, 1024px\" \/><\/figure>\n\n\n\n<p><\/p>\n","protected":false},"excerpt":{"rendered":"<p>Galleria Kulma on Turun Kuvataidekoulun oma galleriatila, jossa j\u00e4rjest\u00e4mme s\u00e4\u00e4nn\u00f6llisin v\u00e4liajoin oppilasn\u00e4yttelyit\u00e4. Nyt galleriassamme on my\u00f6s ulkopuolisten mahdollista pit\u00e4\u00e4 n\u00e4yttelyit\u00e4. Tila sijaitsee Turun keskustassa (Tuureporinkatu 17C) keskeisell\u00e4 ja vilkkaalla paikalla, jossa ohikulkuliikennett\u00e4 on runsaasti. Tila on n. 73 m\u00b2 kokoinen ja siin\u00e4 on suuret n\u00e4yteikkunat kahteen suuntaan. Tilassa on runsaasti luonnonvaloa ja tasainen kattovalaistus. Ripustus&hellip; <br \/> <a class=\"read-more\" href=\"https:\/\/turunkuvataidekoulu.fi\/v5\/mesmerize\/galleria-kulma\/\">Read more<\/a><\/p>\n","protected":false},"author":5,"featured_media":1455,"parent":31,"menu_order":0,"comment_status":"closed","ping_status":"closed","template":"","meta":{"_monsterinsights_skip_tracking":false,"_monsterinsights_sitenote_active":false,"_monsterinsights_sitenote_note":"","_monsterinsights_sitenote_category":0,"footnotes":""},"class_list":["post-1517","page","type-page","status-publish","has-post-thumbnail","hentry"],"_links":{"self":[{"href":"https:\/\/turunkuvataidekoulu.fi\/v5\/wp-json\/wp\/v2\/pages\/1517","targetHints":{"allow":["GET"]}}],"collection":[{"href":"https:\/\/turunkuvataidekoulu.fi\/v5\/wp-json\/wp\/v2\/pages"}],"about":[{"href":"https:\/\/turunkuvataidekoulu.fi\/v5\/wp-json\/wp\/v2\/types\/page"}],"author":[{"embeddable":true,"href":"https:\/\/turunkuvataidekoulu.fi\/v5\/wp-json\/wp\/v2\/users\/5"}],"replies":[{"embeddable":true,"href":"https:\/\/turunkuvataidekoulu.fi\/v5\/wp-json\/wp\/v2\/comments?post=1517"}],"version-history":[{"count":4,"href":"https:\/\/turunkuvataidekoulu.fi\/v5\/wp-json\/wp\/v2\/pages\/1517\/revisions"}],"predecessor-version":[{"id":2219,"href":"https:\/\/turunkuvataidekoulu.fi\/v5\/wp-json\/wp\/v2\/pages\/1517\/revisions\/2219"}],"up":[{"embeddable":true,"href":"https:\/\/turunkuvataidekoulu.fi\/v5\/wp-json\/wp\/v2\/pages\/31"}],"wp:featuredmedia":[{"embeddable":true,"href":"https:\/\/turunkuvataidekoulu.fi\/v5\/wp-json\/wp\/v2\/media\/1455"}],"wp:attachment":[{"href":"https:\/\/turunkuvataidekoulu.fi\/v5\/wp-json\/wp\/v2\/media?parent=1517"}],"curies":[{"name":"wp","href":"https:\/\/api.w.org\/{rel}","templated":true}]}}