{"id":1506,"date":"2025-08-19T08:03:27","date_gmt":"2025-08-19T08:03:27","guid":{"rendered":"https:\/\/turunkuvataidekoulu.fi\/v5\/?page_id=1506"},"modified":"2026-01-12T13:59:20","modified_gmt":"2026-01-12T13:59:20","slug":"juhli-luovasti-turun-kuvataidekoulussa","status":"publish","type":"page","link":"https:\/\/turunkuvataidekoulu.fi\/v5\/erikoistilaisuudet\/juhli-luovasti-turun-kuvataidekoulussa\/","title":{"rendered":"Syntym\u00e4p\u00e4iv\u00e4t, vauvajuhlat\u2026"},"content":{"rendered":"\n<h3 class=\"wp-block-heading has-black-color has-text-color has-link-color wp-elements-19dff17a13846e3bdcf45241ee549998\">Juhli luovasti Turun Kuvataidekoulussa!<\/h3>\n\n\n\n<p class=\"has-black-color has-text-color has-link-color wp-elements-b3e499e22a4e0ac12ba8c9864809ac60\">Haluatko j\u00e4rjest\u00e4\u00e4 juhlat, jotka j\u00e4\u00e4v\u00e4t mieleen? Turun Kuvataidekoulussa taiteen ilo ja luovuus ovat juhlan keski\u00f6ss\u00e4! Ammattitaitoiset ohjaajamme suunnittelevat ja toteuttavat teille r\u00e4\u00e4t\u00e4l\u00f6idyn, hauskan ja inspiroivan taidetuokion. Juhlia j\u00e4rjestet\u00e4\u00e4n kaiken ik\u00e4isille!<\/p>\n\n\n\n<p class=\"has-black-color has-text-color has-link-color wp-elements-4f024ddf06a1359147e4833c706e07ca\">Juhlien kesto on 1,5 tuntia: ensin sukellamme taiteen maailmaan, ja sen j\u00e4lkeen on vapaampi hetki nauttia juhlista, kakusta ja seurasta. Tarjoiluista huolehtii juhlan tilaaja.<\/p>\n\n\n\n<hr class=\"wp-block-separator has-alpha-channel-opacity\"\/>\n\n\n\n<h3 class=\"wp-block-heading has-black-color has-text-color has-link-color wp-elements-0e63ec46e48495770d5c5d52a2244229\"> Valitse suosikkisi <\/h3>\n\n\n\n<p class=\"has-black-color has-text-color has-link-color wp-elements-f0e460b107331b713f832f6ac5529c12\">Juhlasankari ja vieraat saavat jokainen luoda oman persoonallisen teoksen. Valittavana:<\/p>\n\n\n\n<ul class=\"wp-block-list\">\n<li class=\"has-black-color has-text-color has-link-color wp-elements-2b11b2f33cce2cb65fbaceb084a7bee1\">Piirustus<\/li>\n\n\n\n<li class=\"has-black-color has-text-color has-link-color wp-elements-664098625cebd0d050a60057c55ada1d\">Maalaus<\/li>\n\n\n\n<li class=\"has-black-color has-text-color has-link-color wp-elements-61ff816c971db79a07a60146dbe1625d\">Keramiikka<\/li>\n\n\n\n<li class=\"has-black-color has-text-color has-link-color wp-elements-643123a6f99f811ede131ff71e386fbc\">Grafiikka<\/li>\n\n\n\n<li class=\"has-black-color has-text-color has-link-color wp-elements-b9125a5b255cbb1b667ca1db24505527\">Tai vaikka eri taideaineiden kokeilu ja yhdist\u00e4minen <\/li>\n<\/ul>\n\n\n\n<hr class=\"wp-block-separator has-alpha-channel-opacity\"\/>\n\n\n\n<h3 class=\"wp-block-heading has-black-color has-text-color has-link-color wp-elements-2e27c81d290493945769a032599b1dfd\">Ajankohta<\/h3>\n\n\n\n<p class=\"has-black-color has-text-color has-link-color wp-elements-253aae9e0ef1a9bf702bc46628da2cf5\">Juhlat voidaan j\u00e4rjest\u00e4\u00e4 joustavasti, kysy vapaita aikoja!<\/p>\n\n\n\n<hr class=\"wp-block-separator has-alpha-channel-opacity\"\/>\n\n\n\n<h3 class=\"wp-block-heading has-black-color has-text-color has-link-color wp-elements-f4a180d26f64929c024d87ea428cb3df\">Hinta<\/h3>\n\n\n\n<ul class=\"wp-block-list\">\n<li class=\"has-black-color has-text-color has-link-color wp-elements-6725da26e316a3b2cdac6d92a228a9bc\">250-300 \u20ac \/ 1,5 h<\/li>\n\n\n\n<li class=\"has-black-color has-text-color has-link-color wp-elements-1e23c317c649b53efeba381ecbd4547e\">Hinta sis\u00e4lt\u00e4\u00e4 ohjauksen ja materiaalit 10 juhlijalle<\/li>\n\n\n\n<li class=\"has-black-color has-text-color has-link-color wp-elements-cb77346616e350f2ba967a446c749c1e\">Lis\u00e4henkil\u00f6t: \u20ac 15 \/ hl\u00f6<\/li>\n<\/ul>\n\n\n\n<figure class=\"wp-block-image size-large\"><img loading=\"lazy\" decoding=\"async\" width=\"1024\" height=\"683\" src=\"https:\/\/turunkuvataidekoulu.fi\/v5\/wp-content\/uploads\/2025\/08\/A7DF1FA8-B47F-4BDB-A1CA-B7327E3DFFFF-2397-0000050D20ED7FC4-1024x683.jpg\" alt=\"\" class=\"wp-image-1511\" srcset=\"https:\/\/turunkuvataidekoulu.fi\/v5\/wp-content\/uploads\/2025\/08\/A7DF1FA8-B47F-4BDB-A1CA-B7327E3DFFFF-2397-0000050D20ED7FC4-1024x683.jpg 1024w, https:\/\/turunkuvataidekoulu.fi\/v5\/wp-content\/uploads\/2025\/08\/A7DF1FA8-B47F-4BDB-A1CA-B7327E3DFFFF-2397-0000050D20ED7FC4-300x200.jpg 300w, https:\/\/turunkuvataidekoulu.fi\/v5\/wp-content\/uploads\/2025\/08\/A7DF1FA8-B47F-4BDB-A1CA-B7327E3DFFFF-2397-0000050D20ED7FC4-768x512.jpg 768w, https:\/\/turunkuvataidekoulu.fi\/v5\/wp-content\/uploads\/2025\/08\/A7DF1FA8-B47F-4BDB-A1CA-B7327E3DFFFF-2397-0000050D20ED7FC4-1536x1024.jpg 1536w, https:\/\/turunkuvataidekoulu.fi\/v5\/wp-content\/uploads\/2025\/08\/A7DF1FA8-B47F-4BDB-A1CA-B7327E3DFFFF-2397-0000050D20ED7FC4-1620x1080.jpg 1620w, https:\/\/turunkuvataidekoulu.fi\/v5\/wp-content\/uploads\/2025\/08\/A7DF1FA8-B47F-4BDB-A1CA-B7327E3DFFFF-2397-0000050D20ED7FC4.jpg 1776w\" sizes=\"auto, (max-width: 1024px) 100vw, 1024px\" \/><\/figure>\n\n\n\n<blockquote class=\"wp-block-quote is-layout-flow wp-block-quote-is-layout-flow\">\n<figure class=\"wp-block-image size-large\"><img loading=\"lazy\" decoding=\"async\" width=\"1024\" height=\"683\" src=\"https:\/\/turunkuvataidekoulu.fi\/v5\/wp-content\/uploads\/2025\/08\/DSC_1045-1024x683.jpg\" alt=\"\" class=\"wp-image-1509\" srcset=\"https:\/\/turunkuvataidekoulu.fi\/v5\/wp-content\/uploads\/2025\/08\/DSC_1045-1024x683.jpg 1024w, https:\/\/turunkuvataidekoulu.fi\/v5\/wp-content\/uploads\/2025\/08\/DSC_1045-300x200.jpg 300w, https:\/\/turunkuvataidekoulu.fi\/v5\/wp-content\/uploads\/2025\/08\/DSC_1045-768x512.jpg 768w, https:\/\/turunkuvataidekoulu.fi\/v5\/wp-content\/uploads\/2025\/08\/DSC_1045-1536x1024.jpg 1536w, https:\/\/turunkuvataidekoulu.fi\/v5\/wp-content\/uploads\/2025\/08\/DSC_1045-2048x1365.jpg 2048w, https:\/\/turunkuvataidekoulu.fi\/v5\/wp-content\/uploads\/2025\/08\/DSC_1045-1620x1080.jpg 1620w\" sizes=\"auto, (max-width: 1024px) 100vw, 1024px\" \/><\/figure>\n<\/blockquote>\n\n\n\r\n<style>\r\n.testimonials-slideshow-wrapper {\r\n    width: 100%;\r\n    margin: 0 auto;\r\n}\r\n\r\n.testimonials-slider {\r\n    position: relative;\r\n}\r\n\r\n.testimonial-slide {\r\n    text-align: center;\r\n    padding: 40px 20px 0 20px;\r\n}\r\n\r\n.testimonial-content {\r\n    max-width: 800px;\r\n    margin: 0 auto;\r\n    display: flex;\r\n    flex-direction: column;\r\n    align-items: center;\r\n    justify-content: center;\r\n}\r\n\r\n.testimonial-text {\r\n    font-size: 1.2em;\r\n    line-height: 1.6;\r\n    margin: 0 0 1rem 0;\r\n    padding: 0;\r\n    border: none;\r\n    font-style: italic;\r\n    text-align: center;\r\n}\r\n\r\n.testimonial-author {\r\n    font-size: 1em;\r\n    font-weight: 600;\r\n    font-style: normal;\r\n    display: block;\r\n    margin-top: 0;\r\n}\r\n\r\n.testimonials-slider .slick-dots {\r\n    position: relative;\r\n    bottom: 0;\r\n    margin-top: 1rem;\r\n    text-align: center;\r\n}\r\n\r\n.testimonials-slider .slick-dots li {\r\n    display: inline-block;\r\n    margin: 0 5px;\r\n}\r\n\r\n.testimonials-slider .slick-dots li button {\r\n    width: 12px;\r\n    height: 12px;\r\n    border-radius: 50%;\r\n    border: 2px solid #03a9f4;\r\n    background: transparent;\r\n    font-size: 0;\r\n    padding: 0;\r\n    cursor: pointer;\r\n    transition: all 0.3s ease;\r\n}\r\n.slick-dots li.slick-active button::before,\r\n.slick-dots li button::before {\r\n    display: none;\r\n}\r\n\r\n.testimonials-slider .slick-dots li button:hover,\r\n.testimonials-slider .slick-dots li.slick-active button {\r\n    background: #03a9f4;\r\n    border-color: #03a9f4;\r\n}\r\n\r\n.testimonials-slider .slick-prev,\r\n.testimonials-slider .slick-next {\r\n    display: none !important;\r\n}\r\n\r\n.testimonials-slider blockquote p {\r\n    width: 100%;\r\n    max-width: 710px;\r\n}\r\n.testimonials-slider blockquote::after {\r\n  left: -2rem;\r\n}\r\n@media (max-width: 768px) {\r\n    .testimonials-slider blockquote::after {\r\n        top: -1rem;\r\n        left: -0.5rem;\r\n    }\r\n}\r\n<\/style>\r\n\r\n<div class=\"testimonials-slideshow-wrapper\">\r\n    <div class=\"testimonials-slider\">\r\n                                    <div class=\"testimonial-slide\">\r\n                    <div class=\"testimonial-content\">\r\n                        <blockquote class=\"testimonial-text\">\r\n                            <p>Tykk\u00e4sin siit\u00e4 kun sai oikeasti ohjeistusta ja se edisti mielest\u00e4ni omaakin piirt\u00e4mist\u00e4.<\/p>\n                        <\/blockquote>\r\n                                                    <cite class=\"testimonial-author\">\r\n                                - Teemaopintojen oppilas, 13v.                            <\/cite>\r\n                                            <\/div>\r\n                <\/div>\r\n                                                <div class=\"testimonial-slide\">\r\n                    <div class=\"testimonial-content\">\r\n                        <blockquote class=\"testimonial-text\">\r\n                            <p>On mukava saada henkil\u00f6kohtaista palautetta.<\/p>\n                        <\/blockquote>\r\n                                                    <cite class=\"testimonial-author\">\r\n                                - Teemaopintojen oppilas, 12v.                            <\/cite>\r\n                                            <\/div>\r\n                <\/div>\r\n                                                <div class=\"testimonial-slide\">\r\n                    <div class=\"testimonial-content\">\r\n                        <blockquote class=\"testimonial-text\">\r\n                            <p>Hienoa aloittaa aikuisi\u00e4ll\u00e4 uusi harrastus asiantuntevan opettajan opeissa.<\/p>\n                        <\/blockquote>\r\n                                                    <cite class=\"testimonial-author\">\r\n                                - Ateljee -ryhm\u00e4n oppilas                            <\/cite>\r\n                                            <\/div>\r\n                <\/div>\r\n                                                <div class=\"testimonial-slide\">\r\n                    <div class=\"testimonial-content\">\r\n                        <blockquote class=\"testimonial-text\">\r\n                            <p>Koulussa on aina hyv\u00e4 ilmapiiri ja ihanat ty\u00f6ntekij\u00e4t.<\/p>\n                        <\/blockquote>\r\n                                                    <cite class=\"testimonial-author\">\r\n                                - Lapsi ja aikuinen -ryhm\u00e4n oppilaan vanhempi                            <\/cite>\r\n                                            <\/div>\r\n                <\/div>\r\n                                                <div class=\"testimonial-slide\">\r\n                    <div class=\"testimonial-content\">\r\n                        <blockquote class=\"testimonial-text\">\r\n                            <p>Joooo! Viikon paras p\u00e4iv\u00e4!<\/p>\n                        <\/blockquote>\r\n                                                    <cite class=\"testimonial-author\">\r\n                                - Kommentoi 5-vuotias kun kysyin haluaisiko jatkaa lapsi ja aikuinen -ryhm\u00e4ss\u00e4                            <\/cite>\r\n                                            <\/div>\r\n                <\/div>\r\n                                                <div class=\"testimonial-slide\">\r\n                    <div class=\"testimonial-content\">\r\n                        <blockquote class=\"testimonial-text\">\r\n                            <p>Aivan ihanaa on ollut pys\u00e4hty\u00e4 yhdess\u00e4 taiteilemaan ja oppimaan uusia taitoja laadukkaassa, lempe\u00e4ss\u00e4 ja turvallisessa opetuksessa.<\/p>\n                        <\/blockquote>\r\n                                                    <cite class=\"testimonial-author\">\r\n                                - Lapsi ja aikuinen -ryhm\u00e4n oppilaan vanhempi                            <\/cite>\r\n                                            <\/div>\r\n                <\/div>\r\n                        <\/div>\r\n<\/div>\r\n\r\n<script type=\"text\/javascript\">\r\njQuery(document).ready(function($) {\r\n    $('.testimonials-slider').slick({\r\n        dots: true,\r\n        infinite: true,\r\n        speed: 500,\r\n        fade: true,\r\n        cssEase: 'linear',\r\n        autoplay: false,\r\n        autoplaySpeed: 5000,\r\n        arrows: false\r\n    });\r\n});\r\n<\/script>\r\n\r\n\n","protected":false},"excerpt":{"rendered":"<p>Juhli luovasti Turun Kuvataidekoulussa! Haluatko j\u00e4rjest\u00e4\u00e4 juhlat, jotka j\u00e4\u00e4v\u00e4t mieleen? Turun Kuvataidekoulussa taiteen ilo ja luovuus ovat juhlan keski\u00f6ss\u00e4! Ammattitaitoiset ohjaajamme suunnittelevat ja toteuttavat teille r\u00e4\u00e4t\u00e4l\u00f6idyn, hauskan ja inspiroivan taidetuokion. Juhlia j\u00e4rjestet\u00e4\u00e4n kaiken ik\u00e4isille! Juhlien kesto on 1,5 tuntia: ensin sukellamme taiteen maailmaan, ja sen j\u00e4lkeen on vapaampi hetki nauttia juhlista, kakusta ja seurasta. Tarjoiluista&hellip; <br \/> <a class=\"read-more\" href=\"https:\/\/turunkuvataidekoulu.fi\/v5\/?post_type=testimoniaalit&#038;p=2147\">Read more<\/a><\/p>\n","protected":false},"author":5,"featured_media":1511,"parent":140,"menu_order":0,"comment_status":"closed","ping_status":"closed","template":"","meta":{"_monsterinsights_skip_tracking":false,"_monsterinsights_sitenote_active":false,"_monsterinsights_sitenote_note":"","_monsterinsights_sitenote_category":0,"footnotes":""},"class_list":["post-1506","page","type-page","status-publish","has-post-thumbnail","hentry"],"_links":{"self":[{"href":"https:\/\/turunkuvataidekoulu.fi\/v5\/wp-json\/wp\/v2\/pages\/1506","targetHints":{"allow":["GET"]}}],"collection":[{"href":"https:\/\/turunkuvataidekoulu.fi\/v5\/wp-json\/wp\/v2\/pages"}],"about":[{"href":"https:\/\/turunkuvataidekoulu.fi\/v5\/wp-json\/wp\/v2\/types\/page"}],"author":[{"embeddable":true,"href":"https:\/\/turunkuvataidekoulu.fi\/v5\/wp-json\/wp\/v2\/users\/5"}],"replies":[{"embeddable":true,"href":"https:\/\/turunkuvataidekoulu.fi\/v5\/wp-json\/wp\/v2\/comments?post=1506"}],"version-history":[{"count":6,"href":"https:\/\/turunkuvataidekoulu.fi\/v5\/wp-json\/wp\/v2\/pages\/1506\/revisions"}],"predecessor-version":[{"id":2150,"href":"https:\/\/turunkuvataidekoulu.fi\/v5\/wp-json\/wp\/v2\/pages\/1506\/revisions\/2150"}],"up":[{"embeddable":true,"href":"https:\/\/turunkuvataidekoulu.fi\/v5\/wp-json\/wp\/v2\/pages\/140"}],"wp:featuredmedia":[{"embeddable":true,"href":"https:\/\/turunkuvataidekoulu.fi\/v5\/wp-json\/wp\/v2\/media\/1511"}],"wp:attachment":[{"href":"https:\/\/turunkuvataidekoulu.fi\/v5\/wp-json\/wp\/v2\/media?parent=1506"}],"curies":[{"name":"wp","href":"https:\/\/api.w.org\/{rel}","templated":true}]}}