{"id":1290,"date":"2025-01-10T07:40:14","date_gmt":"2025-01-10T07:40:14","guid":{"rendered":"https:\/\/turunkuvataidekoulu.fi\/v5\/?page_id=1290"},"modified":"2026-03-10T08:55:06","modified_gmt":"2026-03-10T08:55:06","slug":"keramiikkakulma","status":"publish","type":"page","link":"https:\/\/turunkuvataidekoulu.fi\/v5\/mesmerize\/keramiikkakulma\/","title":{"rendered":"Keramiikkakulma"},"content":{"rendered":"\n<p class=\"has-black-color has-text-color\"><strong>Tervetuloa keramiikkakulmaan!<\/strong><\/p>\n\n\n\n<p class=\"has-black-color has-text-color\"><strong>Koko lukukauden kest\u00e4v\u00e4t keramiikkaryhm\u00e4t<\/strong><\/p>\n\n\n\n<p class=\"has-black-color has-text-color\">KE1C keskiviikkoisin 16:30-18.30 aikuisten ja senioreiden keramiikkaryhm\u00e4,\u00a0<strong><em>Kerttu<\/em><\/strong>.<\/p>\n\n\n\n<p class=\"has-black-color has-text-color\">13 harrastuskertaa 335\u20ac.<\/p>\n\n\n\n<figure class=\"wp-block-gallery has-nested-images columns-default is-cropped wp-block-gallery-1 is-layout-flex wp-block-gallery-is-layout-flex\">\n<figure class=\"wp-block-image size-large\"><img loading=\"lazy\" decoding=\"async\" width=\"683\" height=\"1024\" data-id=\"1657\" src=\"https:\/\/turunkuvataidekoulu.fi\/v5\/wp-content\/uploads\/2025\/09\/DSCF9733-683x1024.jpg\" alt=\"\" class=\"wp-image-1657\" srcset=\"https:\/\/turunkuvataidekoulu.fi\/v5\/wp-content\/uploads\/2025\/09\/DSCF9733-683x1024.jpg 683w, https:\/\/turunkuvataidekoulu.fi\/v5\/wp-content\/uploads\/2025\/09\/DSCF9733-200x300.jpg 200w, https:\/\/turunkuvataidekoulu.fi\/v5\/wp-content\/uploads\/2025\/09\/DSCF9733-768x1152.jpg 768w, https:\/\/turunkuvataidekoulu.fi\/v5\/wp-content\/uploads\/2025\/09\/DSCF9733-1024x1536.jpg 1024w, https:\/\/turunkuvataidekoulu.fi\/v5\/wp-content\/uploads\/2025\/09\/DSCF9733-1365x2048.jpg 1365w, https:\/\/turunkuvataidekoulu.fi\/v5\/wp-content\/uploads\/2025\/09\/DSCF9733-720x1080.jpg 720w, https:\/\/turunkuvataidekoulu.fi\/v5\/wp-content\/uploads\/2025\/09\/DSCF9733-scaled.jpg 1707w\" sizes=\"auto, (max-width: 683px) 100vw, 683px\" \/><\/figure>\n\n\n\n<figure class=\"wp-block-image size-large\"><img loading=\"lazy\" decoding=\"async\" width=\"1024\" height=\"683\" data-id=\"1627\" src=\"https:\/\/turunkuvataidekoulu.fi\/v5\/wp-content\/uploads\/2025\/09\/DSCF9703-1024x683.jpg\" alt=\"\" class=\"wp-image-1627\" srcset=\"https:\/\/turunkuvataidekoulu.fi\/v5\/wp-content\/uploads\/2025\/09\/DSCF9703-1024x683.jpg 1024w, https:\/\/turunkuvataidekoulu.fi\/v5\/wp-content\/uploads\/2025\/09\/DSCF9703-300x200.jpg 300w, https:\/\/turunkuvataidekoulu.fi\/v5\/wp-content\/uploads\/2025\/09\/DSCF9703-768x512.jpg 768w, https:\/\/turunkuvataidekoulu.fi\/v5\/wp-content\/uploads\/2025\/09\/DSCF9703-1536x1024.jpg 1536w, https:\/\/turunkuvataidekoulu.fi\/v5\/wp-content\/uploads\/2025\/09\/DSCF9703-2048x1365.jpg 2048w, https:\/\/turunkuvataidekoulu.fi\/v5\/wp-content\/uploads\/2025\/09\/DSCF9703-1620x1080.jpg 1620w\" sizes=\"auto, (max-width: 1024px) 100vw, 1024px\" \/><\/figure>\n\n\n\n<figure class=\"wp-block-image size-large\"><img loading=\"lazy\" decoding=\"async\" width=\"1024\" height=\"683\" data-id=\"1609\" src=\"https:\/\/turunkuvataidekoulu.fi\/v5\/wp-content\/uploads\/2025\/09\/DSCF9685-1024x683.jpg\" alt=\"\" class=\"wp-image-1609\" srcset=\"https:\/\/turunkuvataidekoulu.fi\/v5\/wp-content\/uploads\/2025\/09\/DSCF9685-1024x683.jpg 1024w, https:\/\/turunkuvataidekoulu.fi\/v5\/wp-content\/uploads\/2025\/09\/DSCF9685-300x200.jpg 300w, https:\/\/turunkuvataidekoulu.fi\/v5\/wp-content\/uploads\/2025\/09\/DSCF9685-768x512.jpg 768w, https:\/\/turunkuvataidekoulu.fi\/v5\/wp-content\/uploads\/2025\/09\/DSCF9685-1536x1024.jpg 1536w, https:\/\/turunkuvataidekoulu.fi\/v5\/wp-content\/uploads\/2025\/09\/DSCF9685-2048x1365.jpg 2048w, https:\/\/turunkuvataidekoulu.fi\/v5\/wp-content\/uploads\/2025\/09\/DSCF9685-1620x1080.jpg 1620w\" sizes=\"auto, (max-width: 1024px) 100vw, 1024px\" \/><\/figure>\n\n\n\n<figure class=\"wp-block-image size-large\"><img loading=\"lazy\" decoding=\"async\" width=\"1024\" height=\"683\" data-id=\"1607\" src=\"https:\/\/turunkuvataidekoulu.fi\/v5\/wp-content\/uploads\/2025\/09\/DSCF9683-1024x683.jpg\" alt=\"\" class=\"wp-image-1607\" srcset=\"https:\/\/turunkuvataidekoulu.fi\/v5\/wp-content\/uploads\/2025\/09\/DSCF9683-1024x683.jpg 1024w, https:\/\/turunkuvataidekoulu.fi\/v5\/wp-content\/uploads\/2025\/09\/DSCF9683-300x200.jpg 300w, https:\/\/turunkuvataidekoulu.fi\/v5\/wp-content\/uploads\/2025\/09\/DSCF9683-768x512.jpg 768w, https:\/\/turunkuvataidekoulu.fi\/v5\/wp-content\/uploads\/2025\/09\/DSCF9683-1536x1024.jpg 1536w, https:\/\/turunkuvataidekoulu.fi\/v5\/wp-content\/uploads\/2025\/09\/DSCF9683-2048x1365.jpg 2048w, https:\/\/turunkuvataidekoulu.fi\/v5\/wp-content\/uploads\/2025\/09\/DSCF9683-1620x1080.jpg 1620w\" sizes=\"auto, (max-width: 1024px) 100vw, 1024px\" \/><\/figure>\n<\/figure>\n\n\n\n<p class=\"has-black-color has-text-color\">Haluatko luoda jotain kaunista k\u00e4sill\u00e4si ja uppoutua saven rauhoittavaan maailmaan? Keramiikkatunneillamme p\u00e4\u00e4set kokeilemaan ja oppimaan keramiikan kiehtovia tekniikoita osaavien opettajiemme johdolla \u2013 olitpa vasta-alkaja tai jo kokenut saven muotoilija. <\/p>\n\n\n\n<p class=\"has-black-color has-text-color\">Hintaan sis\u00e4ltyy ohjaus ja kaikki tarvittava materiaali. Ilmoittautuminen s\u00e4hk\u00f6postitse: toimisto@turunkuvataidekoulu.fi. Paikkoja rajoitetusti! <\/p>\n\n\n\n<p class=\"has-black-color has-text-color has-link-color wp-elements-18b17d8711acf4fbd69f75febbaab95c\"><strong>Peruskurssi<\/strong> (8h)<\/p>\n\n\n\n<p class=\"has-black-color has-text-color has-link-color wp-elements-e4ff6290c641fa745a4c1d05642296f5\">1. kerta Ma 13.10. Klo 18.00-21.00<\/p>\n\n\n\n<p class=\"has-black-color has-text-color has-link-color wp-elements-5e96d55325fa3f307f8e6c12576b6b91\">2. kerta Ma 20.10. Klo 18.00-21.00<\/p>\n\n\n\n<p class=\"has-black-color has-text-color has-link-color wp-elements-8a79811f1463985dc433a3f131001b8d\">3. kerta Ma 3.11. Klo 18.00-20.00<\/p>\n\n\n\n<p class=\"has-black-color has-text-color has-link-color wp-elements-19eaf5fe0edf0de265d362a43941b93b\">Tervetuloa nauttimaan savit\u00f6ist\u00e4 kolmen kerran peruskurssille, jossa opetellaan k\u00e4sinrakennuksen perustekniikoita makkara-, nipistely- sek\u00e4 levytekniikoiden parissa. Opitaan my\u00f6s esineiden viimeistely\u00e4 sek\u00e4 tutustutaan lasituksen saloihin! Hinta 175\u20ac.<\/p>\n\n\n\n<p>_______________________________________________________________________________________<\/p>\n\n\n\n<p class=\"has-black-color has-text-color has-link-color wp-elements-0cc7d7cdf6c5f201af915fe1b5b21b6a\"><strong>Ruukui ja maljakoi <\/strong>(5h)<\/p>\n\n\n\n<p class=\"has-black-color has-text-color has-link-color wp-elements-672122f6a3acf052b8222a5932963551\">pe 10.10. klo 17.30-20.30&nbsp;<\/p>\n\n\n\n<p class=\"has-black-color has-text-color has-link-color wp-elements-58b189a28d0196d6127496d0cb8e63d2\">pe 24.10. klo 17.30-19.30<\/p>\n\n\n\n<p class=\"has-black-color has-text-color has-link-color wp-elements-4ed45ef4143bbcf5b6e8f4bb655c2192\">Onko sinulla kasveja mutta kaupoista ei tahdo l\u00f6yty\u00e4 sopivia ruukkuja ja alustaa? Tai haluaisitko leikkokukillesi aivan uniikin maljakon? T\u00e4ll\u00e4 kurssilla p\u00e4\u00e4set tekem\u00e4\u00e4n juuri itsellesi ja kotiisi sopivan esineen. Ensimm\u00e4isell\u00e4 kerralla ty\u00f6stet\u00e4\u00e4n savea, toinen kerta on tarkoitettu viimeistelyyn\/lasitukseen. Hinta 125\u20ac<\/p>\n\n\n\n<p class=\"has-black-color has-text-color has-link-color wp-elements-3af34fb80346cfab1ef220381d4b14c0\">______________________________________________________________________________________<\/p>\n\n\n\n<p class=\"has-black-color has-text-color has-link-color wp-elements-acb27f59ec234703e96de77de1d7748d\"><strong>Lyhdyt ja kynttil\u00e4njalat <\/strong>(5h)<\/p>\n\n\n\n<p class=\"has-black-color has-text-color has-link-color wp-elements-f322dd3076e217ca74eea0bc465e5e2a\">1. kurssi Pe 7.11. Klo 17.30-20.30<\/p>\n\n\n\n<p class=\"has-black-color has-text-color has-link-color wp-elements-f530376456a32f47434740d9c8b3b203\">2. kurssi 21.11. Klo 17.30-19.30<\/p>\n\n\n\n<p class=\"has-black-color has-text-color has-link-color wp-elements-712b4f45161921a54aadc735092bc784\">Kahden kerran lyhytkurssilla p\u00e4\u00e4set rakentamaan lyhtyj\u00e4 ja kynttil\u00e4njalkoja syksyn ja talven pimeneviin iltoihin, tai vaikka pukinkonttiin sujautettavaksi! Kurssin ensimm\u00e4isell\u00e4 kerralla ty\u00f6st\u00e4mme savea ja toinen kerta on tarkoitettu viimeistyyn sek\u00e4 lasitukseen. Hinta 125\u20ac.<\/p>\n\n\n\n<p>_______________________________________________________________________________<\/p>\n\n\n\n<p class=\"has-black-color has-text-color\"><strong>Peruskurssi <\/strong>(8h)<\/p>\n\n\n\n<p class=\"has-black-color has-text-color has-link-color wp-elements-257500bfbd332237cb958ba64def1ffe\">ma 10.11 klo 18.00-21.00<\/p>\n\n\n\n<p class=\"has-black-color has-text-color has-link-color wp-elements-4abbd6e1ddc2280313a2c3165034ec5d\">ma 17.11 klo 18.00-21.00<\/p>\n\n\n\n<p class=\"has-black-color has-text-color has-link-color wp-elements-4ca28d54b905d30f5029d390c96f5f66\">ma 24.11.klo 18.00-20.00<\/p>\n\n\n\n<p class=\"has-black-color has-text-color has-link-color wp-elements-cf9a523d0f3360b2db1c9af667f74375\">T\u00e4ll\u00e4 kolmen kerran peruskurssilla otetaan haltuun saven k\u00e4sirakennustekniikat sek\u00e4 lasitus. Ensimm\u00e4isell\u00e4 kerralla harjoitellaan makkaratekniikkaa, toisella kerralla p\u00e4\u00e4semme kokeilemaan, mit\u00e4 kaikkea levytekniikalla saa tehty\u00e4. Viimeisell\u00e4 kerralla ty\u00f6t lasitetaan ja viimeistell\u00e4\u00e4n. Tule siis kokeilemaan&nbsp; ja nauttimaan saven tarjoamista mahdollisuuksista!                                                               Hinta 175\u20ac. <\/p>\n\n\n\n<p>____________________________________________________________________________<\/p>\n\n\n\n<p class=\"has-black-color has-text-color has-link-color wp-elements-eb4b6cdfe12bb658db35e73ccb31f219\"><strong>Koristeelliset kurpitsat<\/strong><\/p>\n\n\n\n<figure class=\"wp-block-image size-large\"><img loading=\"lazy\" decoding=\"async\" width=\"819\" height=\"1024\" src=\"https:\/\/turunkuvataidekoulu.fi\/v5\/wp-content\/uploads\/2025\/09\/instaface-kurpitsa-819x1024.jpg\" alt=\"\" class=\"wp-image-1778\" srcset=\"https:\/\/turunkuvataidekoulu.fi\/v5\/wp-content\/uploads\/2025\/09\/instaface-kurpitsa-819x1024.jpg 819w, https:\/\/turunkuvataidekoulu.fi\/v5\/wp-content\/uploads\/2025\/09\/instaface-kurpitsa-240x300.jpg 240w, https:\/\/turunkuvataidekoulu.fi\/v5\/wp-content\/uploads\/2025\/09\/instaface-kurpitsa-768x960.jpg 768w, https:\/\/turunkuvataidekoulu.fi\/v5\/wp-content\/uploads\/2025\/09\/instaface-kurpitsa-1024x1280.jpg 1024w, https:\/\/turunkuvataidekoulu.fi\/v5\/wp-content\/uploads\/2025\/09\/instaface-kurpitsa-864x1080.jpg 864w, https:\/\/turunkuvataidekoulu.fi\/v5\/wp-content\/uploads\/2025\/09\/instaface-kurpitsa.jpg 1080w\" sizes=\"auto, (max-width: 819px) 100vw, 819px\" \/><\/figure>\n\n\n\n<p class=\"has-black-color has-text-color has-link-color wp-elements-5f2cce26eb97b2c24cb0b7e26dcce4ba\"><strong>Keramiikkalintuja<\/strong><\/p>\n\n\n\n<figure class=\"wp-block-image size-large\"><img loading=\"lazy\" decoding=\"async\" width=\"819\" height=\"1024\" src=\"https:\/\/turunkuvataidekoulu.fi\/v5\/wp-content\/uploads\/2025\/09\/instaface-lintu-819x1024.jpg\" alt=\"\" class=\"wp-image-1779\" srcset=\"https:\/\/turunkuvataidekoulu.fi\/v5\/wp-content\/uploads\/2025\/09\/instaface-lintu-819x1024.jpg 819w, https:\/\/turunkuvataidekoulu.fi\/v5\/wp-content\/uploads\/2025\/09\/instaface-lintu-240x300.jpg 240w, https:\/\/turunkuvataidekoulu.fi\/v5\/wp-content\/uploads\/2025\/09\/instaface-lintu-768x960.jpg 768w, https:\/\/turunkuvataidekoulu.fi\/v5\/wp-content\/uploads\/2025\/09\/instaface-lintu-1024x1280.jpg 1024w, https:\/\/turunkuvataidekoulu.fi\/v5\/wp-content\/uploads\/2025\/09\/instaface-lintu-864x1080.jpg 864w, https:\/\/turunkuvataidekoulu.fi\/v5\/wp-content\/uploads\/2025\/09\/instaface-lintu.jpg 1080w\" sizes=\"auto, (max-width: 819px) 100vw, 819px\" \/><\/figure>\n\n\n\n<p><\/p>\n\n\n\n<p>___________________<\/p>\n\n\n\n<p class=\"has-black-color has-text-color\"><\/p>\n\n\n\n<p>___________________<\/p>\n\n\n\n<p class=\"has-black-color has-text-color\"><\/p>\n\n\n\n<p class=\"has-black-color has-text-color\"><\/p>\n\n\n\n<p><\/p>\n","protected":false},"excerpt":{"rendered":"<p>Tervetuloa keramiikkakulmaan! Koko lukukauden kest\u00e4v\u00e4t keramiikkaryhm\u00e4t KE1C keskiviikkoisin 16:30-18.30 aikuisten ja senioreiden keramiikkaryhm\u00e4,\u00a0Kerttu. 13 harrastuskertaa 335\u20ac. Haluatko luoda jotain kaunista k\u00e4sill\u00e4si ja uppoutua saven rauhoittavaan maailmaan? Keramiikkatunneillamme p\u00e4\u00e4set kokeilemaan ja oppimaan keramiikan kiehtovia tekniikoita osaavien opettajiemme johdolla \u2013 olitpa vasta-alkaja tai jo kokenut saven muotoilija. Hintaan sis\u00e4ltyy ohjaus ja kaikki tarvittava materiaali. Ilmoittautuminen s\u00e4hk\u00f6postitse: toimisto@turunkuvataidekoulu.fi.&hellip; <br \/> <a class=\"read-more\" href=\"https:\/\/turunkuvataidekoulu.fi\/v5\/mesmerize\/keramiikkakulma\/\">Read more<\/a><\/p>\n","protected":false},"author":5,"featured_media":1622,"parent":31,"menu_order":10,"comment_status":"closed","ping_status":"closed","template":"","meta":{"_monsterinsights_skip_tracking":false,"_monsterinsights_sitenote_active":false,"_monsterinsights_sitenote_note":"","_monsterinsights_sitenote_category":0,"footnotes":""},"class_list":["post-1290","page","type-page","status-publish","has-post-thumbnail","hentry"],"_links":{"self":[{"href":"https:\/\/turunkuvataidekoulu.fi\/v5\/wp-json\/wp\/v2\/pages\/1290","targetHints":{"allow":["GET"]}}],"collection":[{"href":"https:\/\/turunkuvataidekoulu.fi\/v5\/wp-json\/wp\/v2\/pages"}],"about":[{"href":"https:\/\/turunkuvataidekoulu.fi\/v5\/wp-json\/wp\/v2\/types\/page"}],"author":[{"embeddable":true,"href":"https:\/\/turunkuvataidekoulu.fi\/v5\/wp-json\/wp\/v2\/users\/5"}],"replies":[{"embeddable":true,"href":"https:\/\/turunkuvataidekoulu.fi\/v5\/wp-json\/wp\/v2\/comments?post=1290"}],"version-history":[{"count":18,"href":"https:\/\/turunkuvataidekoulu.fi\/v5\/wp-json\/wp\/v2\/pages\/1290\/revisions"}],"predecessor-version":[{"id":2218,"href":"https:\/\/turunkuvataidekoulu.fi\/v5\/wp-json\/wp\/v2\/pages\/1290\/revisions\/2218"}],"up":[{"embeddable":true,"href":"https:\/\/turunkuvataidekoulu.fi\/v5\/wp-json\/wp\/v2\/pages\/31"}],"wp:featuredmedia":[{"embeddable":true,"href":"https:\/\/turunkuvataidekoulu.fi\/v5\/wp-json\/wp\/v2\/media\/1622"}],"wp:attachment":[{"href":"https:\/\/turunkuvataidekoulu.fi\/v5\/wp-json\/wp\/v2\/media?parent=1290"}],"curies":[{"name":"wp","href":"https:\/\/api.w.org\/{rel}","templated":true}]}}