{"id":277,"date":"2020-05-06T09:42:39","date_gmt":"2020-05-06T09:42:39","guid":{"rendered":"http:\/\/turunkuvataidekoulu.fi\/v5\/?page_id=277"},"modified":"2026-01-08T10:42:05","modified_gmt":"2026-01-08T10:42:05","slug":"rekisteri-ja-tietosuojaseloste","status":"publish","type":"page","link":"http:\/\/turunkuvataidekoulu.fi\/v5\/rekisteri-ja-tietosuojaseloste\/","title":{"rendered":"Rekisteri- ja tietosuojaseloste"},"content":{"rendered":"\n<p>T\u00e4m\u00e4 on Turun Kuvataidekoulun henkil\u00f6tietolain (10 ja 24 \u00a7) ja EU:n yleisen tietosuoja-asetuksen (GDPR) mukainen rekisteri- ja tietosuojaseloste. Laadittu 1.8.2018. Viimeisin muutos 8.1.2026.\u00a0<\/p>\n\n\n\n<p><\/p>\n\n\n\n<p><\/p>\n\n\n\n<h3 class=\"wp-block-heading\">1. Rekisterinpit\u00e4j\u00e4<\/h3>\n\n\n\n<p>Turun Kuvataidekoulu\u00a0\/ \u00c5bo Konstskola <br>Y-Tunnus: 3439687-5\u00a0<br>Tuureporinkatu 17C, 20100 Turku\u00a0<br>www.turunkuvataidekoulu.fi\u00a0<br>toimisto@turunkuvataidekoulu.fi<\/p>\n\n\n\n<p><\/p>\n\n\n\n<h3 class=\"wp-block-heading\">2. Rekisterist\u00e4 vastaava yhteyshenkil\u00f6<\/h3>\n\n\n\n<p>Alina MacDonald<br>toimisto@turunkuvataidekoulu.fi\u00a0<br>+358 41 458 4889<\/p>\n\n\n\n<p><\/p>\n\n\n\n<h3 class=\"wp-block-heading\">3. Rekisterin nimi<\/h3>\n\n\n\n<p>Turun Kuvataidekoulun oppilasrekisteri (fyysinen tietokanta) Lasten ja Nuorten Kuvataideyhdistys ry:n j\u00e4senrekisteri (fyysinen tietokanta)<\/p>\n\n\n\n<p><\/p>\n\n\n\n<h3 class=\"wp-block-heading\">4. Oikeusperuste ja henkil\u00f6tietojen k\u00e4sittelyn tarkoitus<\/h3>\n\n\n\n<p>EU:n yleisen tietosuoja-asetuksen mukainen oikeusperuste henkil\u00f6tietojen k\u00e4sittelylle on rekisterinpit\u00e4j\u00e4n oikeutettu etu asiakassuhteen hoitamiseen. Turun Kuvataidekoulu k\u00e4sittelee rekister\u00f6ityj\u00e4 tietoja yhteydenpitoon asiakkaisiin, asiakassuhteen yll\u00e4pitoon, markkinointiin sek\u00e4 tiedottamiseen asiakkaille. Tietoja ei k\u00e4ytet\u00e4 automatisoituun p\u00e4\u00e4t\u00f6ksentekoon tai profilointiin. Rekisteriin liittyv\u00e4 sivusto: www.turunkuvataidekoulu.fi\u00a0<\/p>\n\n\n\n<p><\/p>\n\n\n\n<h3 class=\"wp-block-heading\">5. Rekisterin tietosis\u00e4lt\u00f6<\/h3>\n\n\n\n<p>Rekisteriin tallennettavia tietoja ovat: henkil\u00f6n nimi ja ik\u00e4, alaik\u00e4isen asiakkaan huoltajan nimi, yhteystiedot (puhelinnumero, s\u00e4hk\u00f6postiosoite, osoite), harrastukseen liittyv\u00e4t historiatiedot, laskutustiedot, muut asiakassuhteeseen ja asiakkaan harrastamiseen liittyv\u00e4t tiedot sek\u00e4 luvat asiakkaan nimen julkaisemisesta internetiss\u00e4, asiakkaan tekem\u00e4n taideteoksen kuvan julkaisemisesta internetiss\u00e4 sek\u00e4 asiakkaasta otetun kuvan julkaisemisesta internetiss\u00e4. Asiakas voi pyyt\u00e4m\u00e4ll\u00e4 poistaa tietonsa rekisterist\u00e4 milloin tahansa asiakassuhteen p\u00e4\u00e4tytty\u00e4.<\/p>\n\n\n\n<p><\/p>\n\n\n\n<h3 class=\"wp-block-heading\">6. S\u00e4\u00e4nn\u00f6nmukaiset tietol\u00e4hteet<\/h3>\n\n\n\n<p>Rekisteriin tallennettavat tiedot saadaan asiakkaalta mm. www-lomakkeilla l\u00e4hetetyist\u00e4 viesteist\u00e4, s\u00e4hk\u00f6postitse, puhelimitse, sosiaalisen median palvelujen kautta, sopimuksista, asiakastapaamisista ja muista tilanteista, joissa asiakas luovuttaa tietojaan. Asiakas antaa tiedot liittym\u00e4ll\u00e4 yhdistyksen j\u00e4seneksi tai ilmoittautumalla oppilaaksi.<\/p>\n\n\n\n<p><\/p>\n\n\n\n<h3 class=\"wp-block-heading\">7. Tietojen s\u00e4\u00e4nn\u00f6nmukaiset luovutukset ja tietojen siirto EU:n tai ETA:n ulkopuolelle<\/h3>\n\n\n\n<p>Tietoja ei luovuteta s\u00e4\u00e4nn\u00f6nmukaisesti muille tahoille. Tietoja voidaan julkaista silt\u00e4 osin kuin niin on sovittu asiakkaan kanssa. Henkil\u00f6tietoja voidaan luovuttaa Suomen lakien mukaisesti viranomaisille niin pyydett\u00e4ess\u00e4. Rekisterin tiedot s\u00e4ilytet\u00e4\u00e4n tietokannassa, joka on suojattu salasanalla siten, ett\u00e4 asiaankuulumattomilla ei ole p\u00e4\u00e4sy\u00e4 rekisterin tietoihin.<\/p>\n\n\n\n<p><\/p>\n\n\n\n<h3 class=\"wp-block-heading\">8. Rekisterin suojauksen periaatteet<\/h3>\n\n\n\n<p>Rekisterin tietoja s\u00e4ilytet\u00e4\u00e4n s\u00e4hk\u00f6isess\u00e4 muodossa tietokannassa, joka lukitussa tilassa olevalla salasanalla suojatulla tietokoneella. Tietoja voi n\u00e4hd\u00e4 ja niit\u00e4 voi k\u00e4ytt\u00e4\u00e4 ainoastaan salasanalla suojatuilla tietokoneohjelmilla. Rekisterinpit\u00e4j\u00e4 huolehtii siit\u00e4, ett\u00e4 tallennettuja tietoja sek\u00e4 palvelimien k\u00e4ytt\u00f6oikeuksia ja muita henkil\u00f6tietojen turvallisuuden kannalta kriittisi\u00e4 tietoja k\u00e4sitell\u00e4\u00e4n luottamuksellisesti ja vain niiden ty\u00f6ntekij\u00f6iden toimesta, joiden ty\u00f6nkuvaan se kuuluu.<\/p>\n\n\n\n<p><\/p>\n\n\n\n<h3 class=\"wp-block-heading\">9. Tarkastusoikeus ja oikeus vaatia tiedon korjaamista<\/h3>\n\n\n\n<p>Jokaisella rekisteriss\u00e4 olevalla henkil\u00f6ll\u00e4 on oikeus tarkistaa rekisteriin tallennetut tietonsa ja vaatia mahdollisen virheellisen tiedon korjaamista tai puutteellisen tiedon t\u00e4ydent\u00e4mist\u00e4. Mik\u00e4li henkil\u00f6 haluaa tarkistaa h\u00e4nest\u00e4 tallennetut tiedot tai vaatia niihin oikaisua, pyynt\u00f6 tulee l\u00e4hett\u00e4\u00e4 kirjallisesti yhteyshenkil\u00f6lle, jonka yhteystiedot ovat t\u00e4m\u00e4n tietosuojaselosteen alussa. Yhteyshenkil\u00f6 voi pyyt\u00e4\u00e4 tarvittaessa pyynn\u00f6n esitt\u00e4j\u00e4\u00e4 todistamaan henkil\u00f6llisyytens\u00e4. Yhteyshenkil\u00f6 vastaa asiakkaalle EU:n tietosuoja-asetuksessa s\u00e4\u00e4detyss\u00e4 ajassa (p\u00e4\u00e4s\u00e4\u00e4nt\u00f6isesti kuukauden kuluessa).<\/p>\n\n\n\n<p><\/p>\n\n\n\n<h3 class=\"wp-block-heading\">10. Muut henkil\u00f6tietojen k\u00e4sittelyyn liittyv\u00e4t oikeudet<\/h3>\n\n\n\n<p>Rekisteriss\u00e4 olevalla henkil\u00e4ll\u00e4 on oikeus pyyt\u00e4\u00e4 h\u00e4nt\u00e4 koskevien henkil\u00f6tietojen poistamista rekisterist\u00e4 (&#8221;oikeus tulla unohdetuksi&#8221;). Niin ik\u00e4\u00e4n rekister\u00f6idyill\u00e4 on muut EU:n yleisen tietosuoja-asetuksen mukaiset oikeudet kuten henkil\u00f6tietojen k\u00e4sittelyn rajoittaminen tietyiss\u00e4 tilanteissa. Pyynn\u00f6t tulee l\u00e4hett\u00e4\u00e4 kirjallisesti yhteyshenkil\u00f6lle. Yhteyshenkil\u00f6 voi pyyt\u00e4\u00e4 tarvittaessa pyynn\u00f6n esitt\u00e4j\u00e4\u00e4 todistamaan henkil\u00f6llisyytens\u00e4. Yhteyshenkil\u00f6 vastaa asiakkaalle EU:n tietosuoja-asetuksessa s\u00e4\u00e4detyss\u00e4 ajassa (p\u00e4\u00e4s\u00e4\u00e4nt\u00f6isesti kuukauden kuluessa).<br><\/p>\n","protected":false},"excerpt":{"rendered":"<p>T\u00e4m\u00e4 on Turun Kuvataidekoulun henkil\u00f6tietolain (10 ja 24 \u00a7) ja EU:n yleisen tietosuoja-asetuksen (GDPR) mukainen rekisteri- ja tietosuojaseloste. Laadittu 1.8.2018. Viimeisin muutos 8.1.2026.\u00a0 1. Rekisterinpit\u00e4j\u00e4 Turun Kuvataidekoulu\u00a0\/ \u00c5bo Konstskola Y-Tunnus: 3439687-5\u00a0Tuureporinkatu 17C, 20100 Turku\u00a0www.turunkuvataidekoulu.fi\u00a0toimisto@turunkuvataidekoulu.fi 2. Rekisterist\u00e4 vastaava yhteyshenkil\u00f6 Alina MacDonaldtoimisto@turunkuvataidekoulu.fi\u00a0+358 41 458 4889 3. Rekisterin nimi Turun Kuvataidekoulun oppilasrekisteri (fyysinen tietokanta) Lasten ja Nuorten Kuvataideyhdistys&hellip; <br \/> <a class=\"read-more\" href=\"http:\/\/turunkuvataidekoulu.fi\/v5\/rekisteri-ja-tietosuojaseloste\/\">Read more<\/a><\/p>\n","protected":false},"author":1,"featured_media":594,"parent":0,"menu_order":0,"comment_status":"closed","ping_status":"closed","template":"","meta":{"_monsterinsights_skip_tracking":false,"_monsterinsights_sitenote_active":false,"_monsterinsights_sitenote_note":"","_monsterinsights_sitenote_category":0,"footnotes":""},"class_list":["post-277","page","type-page","status-publish","has-post-thumbnail","hentry"],"_links":{"self":[{"href":"http:\/\/turunkuvataidekoulu.fi\/v5\/wp-json\/wp\/v2\/pages\/277","targetHints":{"allow":["GET"]}}],"collection":[{"href":"http:\/\/turunkuvataidekoulu.fi\/v5\/wp-json\/wp\/v2\/pages"}],"about":[{"href":"http:\/\/turunkuvataidekoulu.fi\/v5\/wp-json\/wp\/v2\/types\/page"}],"author":[{"embeddable":true,"href":"http:\/\/turunkuvataidekoulu.fi\/v5\/wp-json\/wp\/v2\/users\/1"}],"replies":[{"embeddable":true,"href":"http:\/\/turunkuvataidekoulu.fi\/v5\/wp-json\/wp\/v2\/comments?post=277"}],"version-history":[{"count":3,"href":"http:\/\/turunkuvataidekoulu.fi\/v5\/wp-json\/wp\/v2\/pages\/277\/revisions"}],"predecessor-version":[{"id":2123,"href":"http:\/\/turunkuvataidekoulu.fi\/v5\/wp-json\/wp\/v2\/pages\/277\/revisions\/2123"}],"wp:featuredmedia":[{"embeddable":true,"href":"http:\/\/turunkuvataidekoulu.fi\/v5\/wp-json\/wp\/v2\/media\/594"}],"wp:attachment":[{"href":"http:\/\/turunkuvataidekoulu.fi\/v5\/wp-json\/wp\/v2\/media?parent=277"}],"curies":[{"name":"wp","href":"https:\/\/api.w.org\/{rel}","templated":true}]}}